{"id":1092,"date":"2025-01-23T09:53:28","date_gmt":"2025-01-23T13:53:28","guid":{"rendered":"https:\/\/www.cleverthinkingsoftware.com\/?page_id=1092"},"modified":"2025-08-01T10:01:25","modified_gmt":"2025-08-01T14:01:25","slug":"about-services","status":"publish","type":"page","link":"https:\/\/www.cleverthinkingsoftware.com\/fr\/about-services\/","title":{"rendered":"About Us &#8211; Services"},"content":{"rendered":"<div style=\"height:var(--wp--preset--spacing--30)\" aria-hidden=\"true\" class=\"wp-block-spacer\"><\/div>\n\n\n\n<div class=\"wp-block-uagb-container uagb-block-d5db57f5 alignfull uagb-is-root-container\"><div class=\"uagb-container-inner-blocks-wrap\">\n<div class=\"wp-block-group alignwide has-base-2-color has-text-color has-link-color wp-elements-e616632ed35c4078f63684ac2ec8c8e3 is-layout-flow wp-container-core-group-is-layout-3a666a71 wp-block-group-is-layout-flow\" style=\"border-style:none;border-width:0px;border-radius:16px;margin-top:0;margin-bottom:0;padding-top:0;padding-right:var(--wp--preset--spacing--40);padding-bottom:var(--wp--preset--spacing--40);padding-left:var(--wp--preset--spacing--40)\">\n<div class=\"wp-block-uagb-advanced-heading uagb-block-9221ac8a\"><h2 class=\"uagb-heading-text\">L\u00e0 o\u00f9 la vision cr\u00e9ative rencontre la d\u00e9termination technique<\/h2><\/div>\n\n\n\n<div style=\"height:var(--wp--preset--spacing--30)\" aria-hidden=\"true\" class=\"wp-block-spacer\"><\/div>\n\n\n\n<p class=\"justify has-base-color has-text-color has-link-color wp-elements-f72ccf019cafbfd369f00206a10f68bb\" style=\"font-size:clamp(0.875rem, 0.875rem + ((1vw - 0.2rem) * 0.708), 1.3rem);\">Avec 20 ans d'exp\u00e9rience dans l'industrie et une cr\u00e9ativit\u00e9 d\u00e9bordante, Dexter Santucci apporte l'\u00e9tincelle innovante qui r\u00e9invente ce qui est possible. Associ\u00e9 \u00e0 Nicolas Theraulaz \u2014 un passionn\u00e9 de technologie dot\u00e9 d'un d\u00e9vouement sans \u00e9gal et de la d\u00e9termination technique n\u00e9cessaire pour transformer des id\u00e9es complexes en solutions robustes \u2014 nous sommes bien plus qu'une simple \u00e9quipe. Nous sommes une force d\u00e9di\u00e9e \u00e0 r\u00e9volutionner les flux de production.<\/p>\n\n\n\n<div style=\"height:var(--wp--preset--spacing--10)\" aria-hidden=\"true\" class=\"wp-block-spacer\"><\/div>\n\n\n\n<p class=\"justify has-base-color has-text-color has-link-color wp-elements-3a38d9961f06c4c1a08345e81bae4e60\" style=\"font-size:clamp(0.875rem, 0.875rem + ((1vw - 0.2rem) * 0.708), 1.3rem);\">Notre obsession est profonde. Le jour, Dexter Santucci con\u00e7oit des pipelines de production avanc\u00e9s, tandis que ses nuits sont consacr\u00e9es \u00e0 perfectionner les flux de travail g\u00e9n\u00e9ratifs photographiques et \u00e0 explorer des applications sp\u00e9cialis\u00e9es de mod\u00e8les g\u00e9n\u00e9ratifs. Nicolas Theraulaz est notre maestro technique, plongeant dans le code et architecturant des solutions techniques complexes avec une pr\u00e9cision implacable.<\/p>\n\n\n\n<div style=\"height:var(--wp--preset--spacing--10)\" aria-hidden=\"true\" class=\"wp-block-spacer\"><\/div>\n\n\n\n<p class=\"justify has-base-color has-text-color has-link-color wp-elements-1aa1a149c2f72bca5d970f894d52f2f7\" style=\"font-size:clamp(0.875rem, 0.875rem + ((1vw - 0.2rem) * 0.708), 1.3rem);\">Ce que vous voyez maintenant n'est que le d\u00e9but. Nous d\u00e9veloppons rapidement une feuille de route de solutions qui d\u00e9fieront et red\u00e9finiront la fa\u00e7on dont les studios cr\u00e9atifs abordent leurs d\u00e9fis techniques les plus exigeants. Attendez-vous \u00e0 plus de notre part \u2014 des technologies r\u00e9volutionnaires qui associent une compr\u00e9hension profonde de l'industrie \u00e0 une mise en \u0153uvre technique sans rel\u00e2che.<\/p>\n<\/div>\n\n\n\n<div class=\"wp-block-uagb-container uagb-block-484a0d64\">\n<div class=\"wp-block-uagb-container uagb-block-34a9f4ea\">\n<div class=\"wp-block-uagb-image alignleft uagb-block-445788dd wp-block-uagb-image--layout-default wp-block-uagb-image--effect-static wp-block-uagb-image--align-left\"><figure class=\"wp-block-uagb-image__figure\"><img decoding=\"async\" srcset=\"https:\/\/www.cleverthinkingsoftware.com\/wp-content\/uploads\/2025\/03\/dexter-corporate-portrait.jpg ,https:\/\/www.cleverthinkingsoftware.com\/wp-content\/uploads\/2025\/03\/dexter-corporate-portrait.jpg 780w, https:\/\/www.cleverthinkingsoftware.com\/wp-content\/uploads\/2025\/03\/dexter-corporate-portrait.jpg 360w\" sizes=\"auto, (max-width: 480px) 150px\" src=\"https:\/\/www.cleverthinkingsoftware.com\/wp-content\/uploads\/2025\/03\/dexter-corporate-portrait.jpg\" alt=\"\" class=\"uag-image-1789\" width=\"368\" height=\"490\" title=\"dexter-corporate-portrait\" loading=\"lazy\" role=\"img\"\/><\/figure><\/div>\n\n\n\n<div class=\"wp-block-uagb-info-box uagb-block-5b60f56f uagb-infobox__content-wrap  uagb-infobox-icon-above-title uagb-infobox-image-valign-top wp-block-uagb-info-box--has-margin\"><div class=\"uagb-infobox-margin-wrapper\"><div class=\"uagb-ifb-content\"><div class=\"uagb-ifb-title-wrap\"><span class=\"uagb-ifb-title-prefix\">Dexter Santucci<\/span><p class=\"uagb-ifb-title\">Fondateur &amp; PDG<\/p><\/div><p class=\"uagb-ifb-desc\">Dexter Santucci est un ing\u00e9nieur logiciel et consultant en IA chevronn\u00e9, sp\u00e9cialis\u00e9 dans l\u2019automatisation et les technologies cr\u00e9atives. Ancien responsable de l\u2019innovation pipeline chez Mercury Filmworks, il dirige aujourd\u2019hui Clever Thinking Software, o\u00f9 il con\u00e7oit des solutions sur mesure en d\u00e9veloppement logiciel, int\u00e9gration IA et jeux vid\u00e9o. Il est \u00e9galement le cr\u00e9ateur de Paper Trade et de Maps Address Book.<\/p><\/div><\/div><\/div>\n<\/div>\n\n\n\n<div class=\"wp-block-uagb-container uagb-block-e916e001\">\n<div class=\"wp-block-uagb-image alignleft uagb-block-860d2510 wp-block-uagb-image--layout-default wp-block-uagb-image--effect-static wp-block-uagb-image--align-left\"><figure class=\"wp-block-uagb-image__figure\"><img decoding=\"async\" srcset=\"https:\/\/www.cleverthinkingsoftware.com\/wp-content\/uploads\/2025\/03\/nicolas-corporate-portrait.jpg ,https:\/\/www.cleverthinkingsoftware.com\/wp-content\/uploads\/2025\/03\/nicolas-corporate-portrait.jpg 780w, https:\/\/www.cleverthinkingsoftware.com\/wp-content\/uploads\/2025\/03\/nicolas-corporate-portrait.jpg 360w\" sizes=\"auto, (max-width: 480px) 150px\" src=\"https:\/\/www.cleverthinkingsoftware.com\/wp-content\/uploads\/2025\/03\/nicolas-corporate-portrait.jpg\" alt=\"\" class=\"uag-image-1786\" width=\"368\" height=\"490\" title=\"nicolas-corporate-portrait\" loading=\"lazy\" role=\"img\"\/><\/figure><\/div>\n\n\n\n<div class=\"wp-block-uagb-info-box uagb-block-4d2ae51a uagb-infobox__content-wrap  uagb-infobox-icon-above-title uagb-infobox-image-valign-top wp-block-uagb-info-box--has-margin\"><div class=\"uagb-infobox-margin-wrapper\"><div class=\"uagb-ifb-content\"><div class=\"uagb-ifb-title-wrap\"><span class=\"uagb-ifb-title-prefix\">Nicolas Theraulaz<\/span><p class=\"uagb-ifb-title\">Co-Fondateur &amp; Directeur Technique<\/p><\/div><p class=\"uagb-ifb-desc\">Nicolas Theraulaz est un d\u00e9veloppeur polyvalent, reconnu pour sa capacit\u00e9 \u00e0 s\u2019approprier rapidement de nouvelles technologies et \u00e0 int\u00e9grer l\u2019IA dans des workflows modernes. Expert en d\u00e9veloppement web et mobile, il co-dirige Clever Thinking Software et pilote des projets comme Maps Address Book du concept \u00e0 la mise en ligne.<\/p><\/div><\/div><\/div>\n<\/div>\n<\/div>\n\n\n\n<div class=\"wp-block-uagb-container uagb-block-25d0c101\">\n<div class=\"wp-block-uagb-container uagb-block-4c7456e2\">\n<div class=\"wp-block-uagb-image alignleft uagb-block-f2bfa439 wp-block-uagb-image--layout-default wp-block-uagb-image--effect-static wp-block-uagb-image--align-left\"><figure class=\"wp-block-uagb-image__figure\"><img decoding=\"async\" srcset=\"https:\/\/www.cleverthinkingsoftware.com\/wp-content\/uploads\/2025\/07\/WhatsApp_Image_2025-07-22_at_16.51.28-683x1024.jpeg ,https:\/\/www.cleverthinkingsoftware.com\/wp-content\/uploads\/2025\/07\/WhatsApp_Image_2025-07-22_at_16.51.28.jpeg 780w, https:\/\/www.cleverthinkingsoftware.com\/wp-content\/uploads\/2025\/07\/WhatsApp_Image_2025-07-22_at_16.51.28.jpeg 360w\" sizes=\"auto, (max-width: 480px) 150px\" src=\"https:\/\/www.cleverthinkingsoftware.com\/wp-content\/uploads\/2025\/07\/WhatsApp_Image_2025-07-22_at_16.51.28-683x1024.jpeg\" alt=\"\" class=\"uag-image-2996\" width=\"368\" height=\"460\" title=\"WhatsApp_Image_2025-07-22_at_16.51.28\" loading=\"lazy\" role=\"img\"\/><\/figure><\/div>\n\n\n\n<div class=\"wp-block-uagb-info-box uagb-block-51227519 uagb-infobox__content-wrap  uagb-infobox-icon-above-title uagb-infobox-image-valign-top wp-block-uagb-info-box--has-margin\"><div class=\"uagb-infobox-margin-wrapper\"><div class=\"uagb-ifb-content\"><div class=\"uagb-ifb-title-wrap\"><span class=\"uagb-ifb-title-prefix\">Pascal Aupry<\/span><p class=\"uagb-ifb-title\">Conseiller Externe Pipeline<\/p><\/div><p class=\"uagb-ifb-desc\">Pascal Aupry is a veteran Technical Director with over 20 years of experience in animation, VFX, and real-time production. A long-time collaborator of Dexter Santucci at Mercury Filmworks, he brings deep expertise in scalable pipelines and artist-friendly workflows. As an advisor, he offers strategic guidance on architecture and deployment.<\/p><\/div><\/div><\/div>\n<\/div>\n<\/div>\n<\/div><\/div>","protected":false},"excerpt":{"rendered":"<p>Where Creative Vision Meets Technical Grit With 20 years of industry experience and wild creativity, Dexter Santucci brings the innovative spark that reimagines what\u2019s possible. Paired with Nicolas Theraulaz\u2014a technology enthusiast with unparalleled dedication and the technical grit to transform complex ideas into robust solutions\u2014we\u2019re more than just a team. We\u2019re a force dedicated to [&hellip;]<\/p>\n","protected":false},"author":1,"featured_media":0,"parent":0,"menu_order":0,"comment_status":"closed","ping_status":"closed","template":"about-us-services","meta":{"inline_featured_image":false,"_uag_custom_page_level_css":"","footnotes":""},"class_list":["post-1092","page","type-page","status-publish","hentry"],"yoast_head":"<!-- This site is optimized with the Yoast SEO plugin v27.3 - https:\/\/yoast.com\/product\/yoast-seo-wordpress\/ -->\n<title>About Us - Services - Clever Thinking Software<\/title>\n<meta name=\"robots\" content=\"index, follow, max-snippet:-1, max-image-preview:large, max-video-preview:-1\" \/>\n<link rel=\"canonical\" href=\"https:\/\/www.cleverthinkingsoftware.com\/fr\/about-services\/\" \/>\n<meta property=\"og:locale\" content=\"fr_FR\" \/>\n<meta property=\"og:type\" content=\"article\" \/>\n<meta property=\"og:title\" content=\"About Us - Services - Clever Thinking Software\" \/>\n<meta property=\"og:description\" content=\"Where Creative Vision Meets Technical Grit With 20 years of industry experience and wild creativity, Dexter Santucci brings the innovative spark that reimagines what\u2019s possible. Paired with Nicolas Theraulaz\u2014a technology enthusiast with unparalleled dedication and the technical grit to transform complex ideas into robust solutions\u2014we\u2019re more than just a team. We\u2019re a force dedicated to [&hellip;]\" \/>\n<meta property=\"og:url\" content=\"https:\/\/www.cleverthinkingsoftware.com\/fr\/about-services\/\" \/>\n<meta property=\"og:site_name\" content=\"Clever Thinking Software\" \/>\n<meta property=\"article:modified_time\" content=\"2025-08-01T14:01:25+00:00\" \/>\n<meta property=\"og:image\" content=\"https:\/\/www.cleverthinkingsoftware.com\/wp-content\/uploads\/2025\/03\/dexter-corporate-portrait.jpg\" \/>\n<meta name=\"twitter:card\" content=\"summary_large_image\" \/>\n<meta name=\"twitter:label1\" content=\"Dur\u00e9e de lecture estim\u00e9e\" \/>\n\t<meta name=\"twitter:data1\" content=\"2 minutes\" \/>\n<script type=\"application\/ld+json\" class=\"yoast-schema-graph\">{\"@context\":\"https:\\\/\\\/schema.org\",\"@graph\":[{\"@type\":\"WebPage\",\"@id\":\"https:\\\/\\\/www.cleverthinkingsoftware.com\\\/about-services\\\/\",\"url\":\"https:\\\/\\\/www.cleverthinkingsoftware.com\\\/about-services\\\/\",\"name\":\"About Us - Services - Clever Thinking Software\",\"isPartOf\":{\"@id\":\"https:\\\/\\\/www.cleverthinkingsoftware.com\\\/#website\"},\"primaryImageOfPage\":{\"@id\":\"https:\\\/\\\/www.cleverthinkingsoftware.com\\\/about-services\\\/#primaryimage\"},\"image\":{\"@id\":\"https:\\\/\\\/www.cleverthinkingsoftware.com\\\/about-services\\\/#primaryimage\"},\"thumbnailUrl\":\"https:\\\/\\\/www.cleverthinkingsoftware.com\\\/wp-content\\\/uploads\\\/2025\\\/03\\\/dexter-corporate-portrait.jpg\",\"datePublished\":\"2025-01-23T13:53:28+00:00\",\"dateModified\":\"2025-08-01T14:01:25+00:00\",\"breadcrumb\":{\"@id\":\"https:\\\/\\\/www.cleverthinkingsoftware.com\\\/about-services\\\/#breadcrumb\"},\"inLanguage\":\"fr-FR\",\"potentialAction\":[{\"@type\":\"ReadAction\",\"target\":[\"https:\\\/\\\/www.cleverthinkingsoftware.com\\\/about-services\\\/\"]}]},{\"@type\":\"ImageObject\",\"inLanguage\":\"fr-FR\",\"@id\":\"https:\\\/\\\/www.cleverthinkingsoftware.com\\\/about-services\\\/#primaryimage\",\"url\":\"https:\\\/\\\/www.cleverthinkingsoftware.com\\\/wp-content\\\/uploads\\\/2025\\\/03\\\/dexter-corporate-portrait.jpg\",\"contentUrl\":\"https:\\\/\\\/www.cleverthinkingsoftware.com\\\/wp-content\\\/uploads\\\/2025\\\/03\\\/dexter-corporate-portrait.jpg\"},{\"@type\":\"BreadcrumbList\",\"@id\":\"https:\\\/\\\/www.cleverthinkingsoftware.com\\\/about-services\\\/#breadcrumb\",\"itemListElement\":[{\"@type\":\"ListItem\",\"position\":1,\"name\":\"Home\",\"item\":\"https:\\\/\\\/www.cleverthinkingsoftware.com\\\/\"},{\"@type\":\"ListItem\",\"position\":2,\"name\":\"About Us &#8211; Services\"}]},{\"@type\":\"WebSite\",\"@id\":\"https:\\\/\\\/www.cleverthinkingsoftware.com\\\/#website\",\"url\":\"https:\\\/\\\/www.cleverthinkingsoftware.com\\\/\",\"name\":\"Clever Thinking Software\",\"description\":\"Controlling complexity through custom software, IT consulting and AI solutions.\",\"publisher\":{\"@id\":\"https:\\\/\\\/www.cleverthinkingsoftware.com\\\/#organization\"},\"inLanguage\":\"fr-FR\"},{\"@type\":\"Organization\",\"@id\":\"https:\\\/\\\/www.cleverthinkingsoftware.com\\\/#organization\",\"name\":\"Clever Thinking Software Inc.\",\"url\":\"https:\\\/\\\/www.cleverthinkingsoftware.com\\\/\",\"logo\":{\"@type\":\"ImageObject\",\"inLanguage\":\"fr-FR\",\"@id\":\"https:\\\/\\\/www.cleverthinkingsoftware.com\\\/#\\\/schema\\\/logo\\\/image\\\/\",\"url\":\"https:\\\/\\\/www.cleverthinkingsoftware.com\\\/wp-content\\\/uploads\\\/2024\\\/06\\\/thumbnail_Clever-Thinking-Software-Gothic-BLACK-BACKGROUND-Orange-2.png\",\"contentUrl\":\"https:\\\/\\\/www.cleverthinkingsoftware.com\\\/wp-content\\\/uploads\\\/2024\\\/06\\\/thumbnail_Clever-Thinking-Software-Gothic-BLACK-BACKGROUND-Orange-2.png\",\"width\":1049,\"height\":590,\"caption\":\"Clever Thinking Software Inc.\"},\"image\":{\"@id\":\"https:\\\/\\\/www.cleverthinkingsoftware.com\\\/#\\\/schema\\\/logo\\\/image\\\/\"},\"sameAs\":[\"https:\\\/\\\/www.instagram.com\\\/cleverthinkingsoftware\\\/\"]}]}<\/script>\n<!-- \/ Yoast SEO plugin. -->","yoast_head_json":{"title":"About Us - Services - Clever Thinking Software","robots":{"index":"index","follow":"follow","max-snippet":"max-snippet:-1","max-image-preview":"max-image-preview:large","max-video-preview":"max-video-preview:-1"},"canonical":"https:\/\/www.cleverthinkingsoftware.com\/fr\/about-services\/","og_locale":"fr_FR","og_type":"article","og_title":"About Us - Services - Clever Thinking Software","og_description":"Where Creative Vision Meets Technical Grit With 20 years of industry experience and wild creativity, Dexter Santucci brings the innovative spark that reimagines what\u2019s possible. Paired with Nicolas Theraulaz\u2014a technology enthusiast with unparalleled dedication and the technical grit to transform complex ideas into robust solutions\u2014we\u2019re more than just a team. We\u2019re a force dedicated to [&hellip;]","og_url":"https:\/\/www.cleverthinkingsoftware.com\/fr\/about-services\/","og_site_name":"Clever Thinking Software","article_modified_time":"2025-08-01T14:01:25+00:00","og_image":[{"url":"https:\/\/www.cleverthinkingsoftware.com\/wp-content\/uploads\/2025\/03\/dexter-corporate-portrait.jpg","type":"","width":"","height":""}],"twitter_card":"summary_large_image","twitter_misc":{"Dur\u00e9e de lecture estim\u00e9e":"2 minutes"},"schema":{"@context":"https:\/\/schema.org","@graph":[{"@type":"WebPage","@id":"https:\/\/www.cleverthinkingsoftware.com\/about-services\/","url":"https:\/\/www.cleverthinkingsoftware.com\/about-services\/","name":"About Us - Services - Clever Thinking Software","isPartOf":{"@id":"https:\/\/www.cleverthinkingsoftware.com\/#website"},"primaryImageOfPage":{"@id":"https:\/\/www.cleverthinkingsoftware.com\/about-services\/#primaryimage"},"image":{"@id":"https:\/\/www.cleverthinkingsoftware.com\/about-services\/#primaryimage"},"thumbnailUrl":"https:\/\/www.cleverthinkingsoftware.com\/wp-content\/uploads\/2025\/03\/dexter-corporate-portrait.jpg","datePublished":"2025-01-23T13:53:28+00:00","dateModified":"2025-08-01T14:01:25+00:00","breadcrumb":{"@id":"https:\/\/www.cleverthinkingsoftware.com\/about-services\/#breadcrumb"},"inLanguage":"fr-FR","potentialAction":[{"@type":"ReadAction","target":["https:\/\/www.cleverthinkingsoftware.com\/about-services\/"]}]},{"@type":"ImageObject","inLanguage":"fr-FR","@id":"https:\/\/www.cleverthinkingsoftware.com\/about-services\/#primaryimage","url":"https:\/\/www.cleverthinkingsoftware.com\/wp-content\/uploads\/2025\/03\/dexter-corporate-portrait.jpg","contentUrl":"https:\/\/www.cleverthinkingsoftware.com\/wp-content\/uploads\/2025\/03\/dexter-corporate-portrait.jpg"},{"@type":"BreadcrumbList","@id":"https:\/\/www.cleverthinkingsoftware.com\/about-services\/#breadcrumb","itemListElement":[{"@type":"ListItem","position":1,"name":"Home","item":"https:\/\/www.cleverthinkingsoftware.com\/"},{"@type":"ListItem","position":2,"name":"About Us &#8211; Services"}]},{"@type":"WebSite","@id":"https:\/\/www.cleverthinkingsoftware.com\/#website","url":"https:\/\/www.cleverthinkingsoftware.com\/","name":"Clever Thinking Software","description":"Ma\u00eetriser la complexit\u00e9 gr\u00e2ce au d\u00e9veloppement custom, au conseil informatique et aux solutions d'IA.","publisher":{"@id":"https:\/\/www.cleverthinkingsoftware.com\/#organization"},"inLanguage":"fr-FR"},{"@type":"Organization","@id":"https:\/\/www.cleverthinkingsoftware.com\/#organization","name":"Clever Thinking Software Inc.","url":"https:\/\/www.cleverthinkingsoftware.com\/","logo":{"@type":"ImageObject","inLanguage":"fr-FR","@id":"https:\/\/www.cleverthinkingsoftware.com\/#\/schema\/logo\/image\/","url":"https:\/\/www.cleverthinkingsoftware.com\/wp-content\/uploads\/2024\/06\/thumbnail_Clever-Thinking-Software-Gothic-BLACK-BACKGROUND-Orange-2.png","contentUrl":"https:\/\/www.cleverthinkingsoftware.com\/wp-content\/uploads\/2024\/06\/thumbnail_Clever-Thinking-Software-Gothic-BLACK-BACKGROUND-Orange-2.png","width":1049,"height":590,"caption":"Clever Thinking Software Inc."},"image":{"@id":"https:\/\/www.cleverthinkingsoftware.com\/#\/schema\/logo\/image\/"},"sameAs":["https:\/\/www.instagram.com\/cleverthinkingsoftware\/"]}]}},"uagb_featured_image_src":{"full":false,"thumbnail":false,"medium":false,"medium_large":false,"large":false,"1536x1536":false,"2048x2048":false,"trp-custom-language-flag":false},"uagb_author_info":{"display_name":"Nicolas Theraulaz","author_link":"https:\/\/www.cleverthinkingsoftware.com\/fr\/author\/nico_admin\/"},"uagb_comment_info":0,"uagb_excerpt":"Where Creative Vision Meets Technical Grit With 20 years of industry experience and wild creativity, Dexter Santucci brings the innovative spark that reimagines what\u2019s possible. Paired with Nicolas Theraulaz\u2014a technology enthusiast with unparalleled dedication and the technical grit to transform complex ideas into robust solutions\u2014we\u2019re more than just a team. We\u2019re a force dedicated to\u2026","_links":{"self":[{"href":"https:\/\/www.cleverthinkingsoftware.com\/fr\/wp-json\/wp\/v2\/pages\/1092","targetHints":{"allow":["GET"]}}],"collection":[{"href":"https:\/\/www.cleverthinkingsoftware.com\/fr\/wp-json\/wp\/v2\/pages"}],"about":[{"href":"https:\/\/www.cleverthinkingsoftware.com\/fr\/wp-json\/wp\/v2\/types\/page"}],"author":[{"embeddable":true,"href":"https:\/\/www.cleverthinkingsoftware.com\/fr\/wp-json\/wp\/v2\/users\/1"}],"replies":[{"embeddable":true,"href":"https:\/\/www.cleverthinkingsoftware.com\/fr\/wp-json\/wp\/v2\/comments?post=1092"}],"version-history":[{"count":4,"href":"https:\/\/www.cleverthinkingsoftware.com\/fr\/wp-json\/wp\/v2\/pages\/1092\/revisions"}],"predecessor-version":[{"id":3017,"href":"https:\/\/www.cleverthinkingsoftware.com\/fr\/wp-json\/wp\/v2\/pages\/1092\/revisions\/3017"}],"wp:attachment":[{"href":"https:\/\/www.cleverthinkingsoftware.com\/fr\/wp-json\/wp\/v2\/media?parent=1092"}],"curies":[{"name":"wp","href":"https:\/\/api.w.org\/{rel}","templated":true}]}}