{"id":122,"date":"2024-06-10T10:47:49","date_gmt":"2024-06-10T14:47:49","guid":{"rendered":"https:\/\/www.cleverthinkingsoftware.com\/?page_id=122"},"modified":"2025-04-28T05:02:11","modified_gmt":"2025-04-28T09:02:11","slug":"our-story","status":"publish","type":"page","link":"https:\/\/www.cleverthinkingsoftware.com\/fr\/our-story\/","title":{"rendered":"Notre Histoire"},"content":{"rendered":"<div style=\"height:var(--wp--preset--spacing--30)\" aria-hidden=\"true\" class=\"wp-block-spacer\"><\/div>\n\n\n\n<div class=\"wp-block-group alignfull has-base-background-color has-background is-layout-flow wp-block-group-is-layout-flow\">\n<div style=\"height:var(--wp--preset--spacing--10)\" aria-hidden=\"true\" class=\"wp-block-spacer\"><\/div>\n\n\n\n<div class=\"wp-block-group has-contrast-color has-text-color has-link-color wp-elements-b6cf386baaa52b965286585d812d9835 has-global-padding is-layout-constrained wp-block-group-is-layout-constrained\">\n<div style=\"height:var(--wp--preset--spacing--10)\" aria-hidden=\"true\" class=\"wp-block-spacer\"><\/div>\n\n\n<h1 class=\"has-text-align-center bold wp-block-post-title\">Notre Histoire<\/h1>\n\n\n<div style=\"margin-top:0;margin-bottom:0;height:var(--wp--preset--spacing--30)\" aria-hidden=\"true\" class=\"wp-block-spacer\"><\/div>\n<\/div>\n\n\n\n<div class=\"wp-block-columns no-left-right-padding padding-mobile has-contrast-color has-text-color has-background has-link-color wp-elements-0f642782b6faaca36839871a4ebef596 is-layout-flex wp-container-core-columns-is-layout-28f84493 wp-block-columns-is-layout-flex\" style=\"background-color:#ffebb4\">\n<div class=\"wp-block-column is-layout-flow wp-block-column-is-layout-flow\" style=\"flex-basis:25%\"><\/div>\n\n\n\n<div class=\"wp-block-column is-layout-flow wp-block-column-is-layout-flow\" style=\"flex-basis:50%\">\n<h2 class=\"wp-block-heading\"><strong>En R\u00e9sum\u00e9<\/strong><\/h2>\n\n\n\n<p>\u00c0 mesure que les logiciels deviennent plus complexes et moins fiables, les utilisateurs doivent souvent composer avec des interfaces peu pratiques et des temps de r\u00e9ponse trop longs.<\/p>\n\n\n\n<p>Nous sommes fermement convaincus que les logiciels devraient \u00eatre faciles \u00e0 utiliser, rapides et fiables, quelle que soit leur complexit\u00e9.<\/p>\n\n\n\n<p>Nous avons fond\u00e9 Clever Thinking Software avec un objectif en t\u00eate : inverser cette tendance et cr\u00e9er des applications rapides et intuitives.<\/p>\n\n\n\n<p>Au fil de notre croissance, nous avons \u00e9tendu cette vision pour aider les entreprises \u00e0 cr\u00e9er des solutions logicielles personnalis\u00e9es qui incarnent ces m\u00eames principes.<\/p>\n<\/div>\n\n\n\n<div class=\"wp-block-column is-layout-flow wp-block-column-is-layout-flow\" style=\"flex-basis:25%\"><\/div>\n<\/div>\n\n\n\n<div class=\"wp-block-columns padding-mobile has-contrast-color has-text-color has-link-color wp-elements-ace4acacbceab277eb568bdbd273a62b is-layout-flex wp-container-core-columns-is-layout-28f84493 wp-block-columns-is-layout-flex\">\n<div class=\"wp-block-column is-layout-flow wp-block-column-is-layout-flow\" style=\"flex-basis:25%\"><\/div>\n\n\n\n<div class=\"wp-block-column is-layout-flow wp-block-column-is-layout-flow\" style=\"flex-basis:50%\">\n<h2 class=\"wp-block-heading\"><strong>Notre Histoire<\/strong><\/h2>\n\n\n\n<p class=\"justify has-medium-font-size\">Apr\u00e8s la pand\u00e9mie de COVID, il \u00e9tait \u00e9vident que le monde des affaires ne serait plus jamais le m\u00eame. Certaines entreprises se sont relev\u00e9es, beaucoup ont coul\u00e9.<\/p>\n\n\n\n<p class=\"justify has-medium-font-size\">Fin 2023, nous nous sommes tous deux retrouv\u00e9s sans emploi. Nos employeurs respectifs avaient d\u00e9cid\u00e9 de r\u00e9duire leur budget informatique, et nous avec.<\/p>\n\n\n\n<p class=\"justify has-medium-font-size\">Nous avions des \u00e9conomies, des id\u00e9es et du temps. Nous nous sommes donc fix\u00e9 deux objectifs : cr\u00e9er une entreprise et d\u00e9velopper des applications que les gens adoreraient.<\/p>\n\n\n\n<p class=\"justify has-medium-font-size\">Notre premi\u00e8re mission \u00e9tait de trouver de meilleures fa\u00e7ons de g\u00e9rer des t\u00e2ches courantes, comme la gestion d'adresses.<\/p>\n\n\n\n<p class=\"justify has-medium-font-size\">La deuxi\u00e8me id\u00e9e \u00e9tait de cr\u00e9er le Tetris du trading boursier. Paper Trade est n\u00e9.<\/p>\n\n\n\n<p>\u00c0 mesure que nos applications gagnaient en popularit\u00e9, nous avons d\u00e9couvert quelque chose d'int\u00e9ressant : des entreprises nous approchaient non seulement pour des applications mobiles, mais pour notre approche du d\u00e9veloppement logiciel. Elles aussi en avaient assez des syst\u00e8mes lents et surcharg\u00e9s.<\/p>\n\n\n\n<p>D\u00e9but 2025, nous avons r\u00e9alis\u00e9 que notre philosophie pouvait s'\u00e9tendre au-del\u00e0 des applications grand public pour transformer le fonctionnement interne des entreprises.<\/p>\n\n\n\n<p>En Mars 2025, nous avons officiellement \u00e9tendu Clever Thinking Software pour offrir des services de conseil en informatique et IA, d'ing\u00e9nierie de pipelines de production et des services d'imagerie g\u00e9n\u00e9rative de pointe.<\/p>\n<\/div>\n\n\n\n<div class=\"wp-block-column is-layout-flow wp-block-column-is-layout-flow\" style=\"flex-basis:25%\"><\/div>\n<\/div>\n\n\n\n<div class=\"wp-block-columns no-left-right-padding padding-mobile has-contrast-color has-text-color has-background has-link-color wp-elements-d3ae33379b583a5a0e28bb642dcfb08f is-layout-flex wp-container-core-columns-is-layout-28f84493 wp-block-columns-is-layout-flex\" style=\"background-color:#90b5e3\">\n<div class=\"wp-block-column is-layout-flow wp-block-column-is-layout-flow\" style=\"flex-basis:25%\"><\/div>\n\n\n\n<div class=\"wp-block-column is-layout-flow wp-block-column-is-layout-flow\" style=\"flex-basis:50%\">\n<h2 class=\"wp-block-heading\"><strong>Le Probl\u00e8me<\/strong><\/h2>\n\n\n\n<p class=\"justify\">Nous connaissons tous quelqu'un qui a du mal avec son t\u00e9l\u00e9phone ou son ordinateur.<\/p>\n\n\n\n<p class=\"justify\">Parfois, l'utilisation de ces appareils peut \u00eatre difficile, d\u00e9routante et m\u00eame exasp\u00e9rante.<\/p>\n\n\n\n<p class=\"justify\">M\u00eame avec toutes les bonnes intentions du monde, certaines des applications les plus populaires restent peu intuitives.<\/p>\n\n\n\n<p>Nous avons constat\u00e9 que les entreprises sont confront\u00e9es aux m\u00eames probl\u00e8mes avec leurs logiciels internes et leurs pipelines de donn\u00e9es \u2014 une complexit\u00e9 qui entrave plut\u00f4t qu'elle n'aide.<\/p>\n\n\n\n<p class=\"justify\">Globalement, <a href=\"https:\/\/stackoverflow.blog\/2023\/12\/25\/is-software-getting-worse\/\">les logiciels se d\u00e9t\u00e9riorent<\/a>, et personne ne semble s'en soucier. Mais nous, si.<\/p>\n<\/div>\n\n\n\n<div class=\"wp-block-column is-layout-flow wp-block-column-is-layout-flow\" style=\"flex-basis:25%\"><\/div>\n<\/div>\n\n\n\n<div class=\"wp-block-columns padding-mobile has-contrast-color has-text-color has-link-color wp-elements-236959cd458e30be7e5a8051b9dd7194 is-layout-flex wp-container-core-columns-is-layout-28f84493 wp-block-columns-is-layout-flex\">\n<div class=\"wp-block-column is-layout-flow wp-block-column-is-layout-flow\" style=\"flex-basis:25%\"><\/div>\n\n\n\n<div class=\"wp-block-column is-layout-flow wp-block-column-is-layout-flow\" style=\"flex-basis:50%\">\n<h2 class=\"wp-block-heading\"><strong>La Solution<\/strong><\/h2>\n\n\n\n<p class=\"justify\">Nous avons d\u00e9cid\u00e9 d'aller \u00e0 contre-courant de cette tendance et de produire une collection d'applications qui placent la simplicit\u00e9, la rapidit\u00e9 et la fiabilit\u00e9 au premier plan.<\/p>\n\n\n\n<p class=\"justify\">Chaque application que nous cr\u00e9ons doit r\u00e9pondre aux crit\u00e8res suivants :<\/p>\n\n\n\n<ul class=\"wp-block-list\">\n<li class=\"justify has-medium-font-size\">Respecter le principe de responsabilit\u00e9 unique (une t\u00e2che, une application).<\/li>\n\n\n\n<li class=\"justify has-medium-font-size\">Acc\u00e8s aux fonctionnalit\u00e9s principales en un seul toucher.<\/li>\n\n\n\n<li class=\"justify has-medium-font-size\">Offrir le temps de r\u00e9ponse le plus court possible.<\/li>\n\n\n\n<li class=\"justify has-medium-font-size\">Utiliser une mise en page adapt\u00e9e \u00e0 toutes les vues et tailles de doigts.<\/li>\n\n\n\n<li class=\"justify has-medium-font-size\">Maximiser l'efficacit\u00e9 des interactions positives.<\/li>\n\n\n\n<li class=\"justify has-medium-font-size\">Minimiser les interactions involontaires (touches accidentelles).<\/li>\n<\/ul>\n\n\n\n<p class=\"justify\">Que nous construisions une application mobile pour les consommateurs ou que nous concevions un pipeline de donn\u00e9es pour les entreprises, ces principes guident tout ce que nous faisons.<\/p>\n<\/div>\n\n\n\n<div class=\"wp-block-column is-layout-flow wp-block-column-is-layout-flow\" style=\"flex-basis:25%\"><\/div>\n<\/div>\n\n\n\n<div class=\"wp-block-columns no-left-right-padding padding-mobile has-contrast-color has-text-color has-background has-link-color wp-elements-87782ae44e46105354296806f3897a0c is-layout-flex wp-container-core-columns-is-layout-28f84493 wp-block-columns-is-layout-flex\" style=\"background-color:#ffebb4\">\n<div class=\"wp-block-column is-layout-flow wp-block-column-is-layout-flow\" style=\"flex-basis:25%\"><\/div>\n\n\n\n<div class=\"wp-block-column is-layout-flow wp-block-column-is-layout-flow\" style=\"flex-basis:50%\">\n<h2 class=\"wp-block-heading\"><strong>\u00c9tapes Cl\u00e9s<\/strong><\/h2>\n\n\n\n<p class=\"justify\">D\u00e9but 2024, Dexter Santucci et Nicolas Theraulaz s'associent pour cr\u00e9er de meilleures applications pour iPhone.<\/p>\n\n\n\n<p class=\"justify\">Juin 2024, Clever Thinking Software Inc. est fond\u00e9e, pr\u00e9sentant une application et un jeu.<\/p>\n\n\n\n<p class=\"justify\">Maps Address Book a \u00e9t\u00e9 lanc\u00e9 mondialement le 15 ao\u00fbt 2024.<\/p>\n\n\n\n<p class=\"justify\">Paper Trade est pr\u00e9vu pour sortir plus tard cette ann\u00e9e.<\/p>\n\n\n\n<p>Mars 2025, nous avons \u00e9tendu nos services pour inclure le conseil en informatique\/IA, l'ing\u00e9nierie de pipelines de production et des services d'imagerie avanc\u00e9e.<\/p>\n\n\n\n<p>Avril 2025, nous avons r\u00e9alis\u00e9 notre premier audit informatique complet pour SMAAART, une entreprise fran\u00e7aise de reconditionnement d'ordinateurs. Nous avons \u00e9valu\u00e9 leurs processus informatiques internes et con\u00e7u une suite logicielle personnalis\u00e9e compl\u00e8te pour r\u00e9pondre \u00e0 leurs besoins en mati\u00e8re de gestion d'entreprise et d'audit mat\u00e9riel.<\/p>\n<\/div>\n\n\n\n<div class=\"wp-block-column is-layout-flow wp-block-column-is-layout-flow\" style=\"flex-basis:25%\"><\/div>\n<\/div>\n\n\n\n<div class=\"wp-block-columns padding-mobile has-contrast-color has-text-color has-link-color wp-elements-101a434f2519d019a64c661cd9ec9900 is-layout-flex wp-container-core-columns-is-layout-28f84493 wp-block-columns-is-layout-flex\">\n<div class=\"wp-block-column is-layout-flow wp-block-column-is-layout-flow\" style=\"flex-basis:25%\"><\/div>\n\n\n\n<div class=\"wp-block-column is-layout-flow wp-block-column-is-layout-flow\" style=\"flex-basis:50%\">\n<h2 class=\"wp-block-heading\"><strong>Perspectives d'Avenir<\/strong><\/h2>\n\n\n\n<p class=\"justify\">Nous avons h\u00e2te de cr\u00e9er davantage d'applications. Nous avons quelques projets dignes de votre attention :<\/p>\n\n\n\n<ul class=\"wp-block-list\">\n<li class=\"justify\">Better Favorites \u2013 une alternative nettement am\u00e9lior\u00e9e au gestionnaire de contacts de l'iPhone.<\/li>\n\n\n\n<li class=\"justify\">Simpler Camera \u2013 une application d'appareil photo sp\u00e9cialement con\u00e7ue pour ceux qui trouvent l'application d'appareil photo par d\u00e9faut trop compliqu\u00e9e.<\/li>\n<\/ul>\n\n\n\n<p class=\"justify\">Et nous sommes tout aussi enthousiastes concernant la croissance de nos services aux entreprises :<\/p>\n\n\n\n<ul class=\"wp-block-list\">\n<li class=\"justify\">\u00c9largir notre conseil en informatique et IA pour aider davantage d'entreprises \u00e0 mettre en \u0153uvre des solutions d'automatisation efficaces.<\/li>\n\n\n\n<li class=\"justify\">D\u00e9velopper des outils d'ing\u00e9nierie de pipeline avanc\u00e9s qui peuvent \u00eatre personnalis\u00e9s pour diverses industries.<\/li>\n\n\n\n<li>Cr\u00e9er des solutions d'imagerie de nouvelle g\u00e9n\u00e9ration qui exploitent les derni\u00e8res avanc\u00e9es en mati\u00e8re d'IA g\u00e9n\u00e9rative.<\/li>\n<\/ul>\n\n\n\n<p class=\"justify\">Notre mission reste la m\u00eame, que nous construisions des applications grand public ou des solutions d'entreprise : cr\u00e9er des logiciels rapides, intuitifs et fiables \u2014 des logiciels qui travaillent pour les gens, pas contre eux.<\/p>\n<\/div>\n\n\n\n<div class=\"wp-block-column is-layout-flow wp-block-column-is-layout-flow\" style=\"flex-basis:25%\"><\/div>\n<\/div>\n\n\n\n<div style=\"height:var(--wp--preset--spacing--20)\" aria-hidden=\"true\" class=\"wp-block-spacer\"><\/div>\n<\/div>","protected":false},"excerpt":{"rendered":"<p>In Short As software becomes more complex and less reliable, people often have to deal with clunky UX and long input lag. We strongly believe software should be easy to use, fast and reliable, no matter how complex. We founded Clever Thinking Software with one goal in mind: reverse the trend and make fast, intuitive [&hellip;]<\/p>\n","protected":false},"author":1,"featured_media":0,"parent":0,"menu_order":0,"comment_status":"closed","ping_status":"closed","template":"","meta":{"inline_featured_image":false,"_uag_custom_page_level_css":"","footnotes":""},"class_list":["post-122","page","type-page","status-publish","hentry"],"yoast_head":"<!-- This site is optimized with the Yoast SEO plugin v27.3 - https:\/\/yoast.com\/product\/yoast-seo-wordpress\/ -->\n<title>Our Story - Clever Thinking Software<\/title>\n<meta name=\"robots\" content=\"index, follow, max-snippet:-1, max-image-preview:large, max-video-preview:-1\" \/>\n<link rel=\"canonical\" href=\"https:\/\/www.cleverthinkingsoftware.com\/fr\/our-story\/\" \/>\n<meta property=\"og:locale\" content=\"fr_FR\" \/>\n<meta property=\"og:type\" content=\"article\" \/>\n<meta property=\"og:title\" content=\"Our Story - Clever Thinking Software\" \/>\n<meta property=\"og:description\" content=\"In Short As software becomes more complex and less reliable, people often have to deal with clunky UX and long input lag. We strongly believe software should be easy to use, fast and reliable, no matter how complex. We founded Clever Thinking Software with one goal in mind: reverse the trend and make fast, intuitive [&hellip;]\" \/>\n<meta property=\"og:url\" content=\"https:\/\/www.cleverthinkingsoftware.com\/fr\/our-story\/\" \/>\n<meta property=\"og:site_name\" content=\"Clever Thinking Software\" \/>\n<meta property=\"article:modified_time\" content=\"2025-04-28T09:02:11+00:00\" \/>\n<meta name=\"twitter:card\" content=\"summary_large_image\" \/>\n<meta name=\"twitter:label1\" content=\"Dur\u00e9e de lecture estim\u00e9e\" \/>\n\t<meta name=\"twitter:data1\" content=\"3 minutes\" \/>\n<script type=\"application\/ld+json\" class=\"yoast-schema-graph\">{\"@context\":\"https:\\\/\\\/schema.org\",\"@graph\":[{\"@type\":\"WebPage\",\"@id\":\"https:\\\/\\\/www.cleverthinkingsoftware.com\\\/our-story\\\/\",\"url\":\"https:\\\/\\\/www.cleverthinkingsoftware.com\\\/our-story\\\/\",\"name\":\"Our Story - Clever Thinking Software\",\"isPartOf\":{\"@id\":\"https:\\\/\\\/www.cleverthinkingsoftware.com\\\/#website\"},\"datePublished\":\"2024-06-10T14:47:49+00:00\",\"dateModified\":\"2025-04-28T09:02:11+00:00\",\"breadcrumb\":{\"@id\":\"https:\\\/\\\/www.cleverthinkingsoftware.com\\\/our-story\\\/#breadcrumb\"},\"inLanguage\":\"fr-FR\",\"potentialAction\":[{\"@type\":\"ReadAction\",\"target\":[\"https:\\\/\\\/www.cleverthinkingsoftware.com\\\/our-story\\\/\"]}]},{\"@type\":\"BreadcrumbList\",\"@id\":\"https:\\\/\\\/www.cleverthinkingsoftware.com\\\/our-story\\\/#breadcrumb\",\"itemListElement\":[{\"@type\":\"ListItem\",\"position\":1,\"name\":\"Home\",\"item\":\"https:\\\/\\\/www.cleverthinkingsoftware.com\\\/\"},{\"@type\":\"ListItem\",\"position\":2,\"name\":\"Our Story\"}]},{\"@type\":\"WebSite\",\"@id\":\"https:\\\/\\\/www.cleverthinkingsoftware.com\\\/#website\",\"url\":\"https:\\\/\\\/www.cleverthinkingsoftware.com\\\/\",\"name\":\"Clever Thinking Software\",\"description\":\"Controlling complexity through custom software, IT consulting and AI solutions.\",\"publisher\":{\"@id\":\"https:\\\/\\\/www.cleverthinkingsoftware.com\\\/#organization\"},\"inLanguage\":\"fr-FR\"},{\"@type\":\"Organization\",\"@id\":\"https:\\\/\\\/www.cleverthinkingsoftware.com\\\/#organization\",\"name\":\"Clever Thinking Software Inc.\",\"url\":\"https:\\\/\\\/www.cleverthinkingsoftware.com\\\/\",\"logo\":{\"@type\":\"ImageObject\",\"inLanguage\":\"fr-FR\",\"@id\":\"https:\\\/\\\/www.cleverthinkingsoftware.com\\\/#\\\/schema\\\/logo\\\/image\\\/\",\"url\":\"https:\\\/\\\/www.cleverthinkingsoftware.com\\\/wp-content\\\/uploads\\\/2024\\\/06\\\/thumbnail_Clever-Thinking-Software-Gothic-BLACK-BACKGROUND-Orange-2.png\",\"contentUrl\":\"https:\\\/\\\/www.cleverthinkingsoftware.com\\\/wp-content\\\/uploads\\\/2024\\\/06\\\/thumbnail_Clever-Thinking-Software-Gothic-BLACK-BACKGROUND-Orange-2.png\",\"width\":1049,\"height\":590,\"caption\":\"Clever Thinking Software Inc.\"},\"image\":{\"@id\":\"https:\\\/\\\/www.cleverthinkingsoftware.com\\\/#\\\/schema\\\/logo\\\/image\\\/\"},\"sameAs\":[\"https:\\\/\\\/www.instagram.com\\\/cleverthinkingsoftware\\\/\"]}]}<\/script>\n<!-- \/ Yoast SEO plugin. -->","yoast_head_json":{"title":"Our Story - Clever Thinking Software","robots":{"index":"index","follow":"follow","max-snippet":"max-snippet:-1","max-image-preview":"max-image-preview:large","max-video-preview":"max-video-preview:-1"},"canonical":"https:\/\/www.cleverthinkingsoftware.com\/fr\/our-story\/","og_locale":"fr_FR","og_type":"article","og_title":"Our Story - Clever Thinking Software","og_description":"In Short As software becomes more complex and less reliable, people often have to deal with clunky UX and long input lag. We strongly believe software should be easy to use, fast and reliable, no matter how complex. We founded Clever Thinking Software with one goal in mind: reverse the trend and make fast, intuitive [&hellip;]","og_url":"https:\/\/www.cleverthinkingsoftware.com\/fr\/our-story\/","og_site_name":"Clever Thinking Software","article_modified_time":"2025-04-28T09:02:11+00:00","twitter_card":"summary_large_image","twitter_misc":{"Dur\u00e9e de lecture estim\u00e9e":"3 minutes"},"schema":{"@context":"https:\/\/schema.org","@graph":[{"@type":"WebPage","@id":"https:\/\/www.cleverthinkingsoftware.com\/our-story\/","url":"https:\/\/www.cleverthinkingsoftware.com\/our-story\/","name":"Our Story - Clever Thinking Software","isPartOf":{"@id":"https:\/\/www.cleverthinkingsoftware.com\/#website"},"datePublished":"2024-06-10T14:47:49+00:00","dateModified":"2025-04-28T09:02:11+00:00","breadcrumb":{"@id":"https:\/\/www.cleverthinkingsoftware.com\/our-story\/#breadcrumb"},"inLanguage":"fr-FR","potentialAction":[{"@type":"ReadAction","target":["https:\/\/www.cleverthinkingsoftware.com\/our-story\/"]}]},{"@type":"BreadcrumbList","@id":"https:\/\/www.cleverthinkingsoftware.com\/our-story\/#breadcrumb","itemListElement":[{"@type":"ListItem","position":1,"name":"Home","item":"https:\/\/www.cleverthinkingsoftware.com\/"},{"@type":"ListItem","position":2,"name":"Our Story"}]},{"@type":"WebSite","@id":"https:\/\/www.cleverthinkingsoftware.com\/#website","url":"https:\/\/www.cleverthinkingsoftware.com\/","name":"Clever Thinking Software","description":"Ma\u00eetriser la complexit\u00e9 gr\u00e2ce au d\u00e9veloppement custom, au conseil informatique et aux solutions d'IA.","publisher":{"@id":"https:\/\/www.cleverthinkingsoftware.com\/#organization"},"inLanguage":"fr-FR"},{"@type":"Organization","@id":"https:\/\/www.cleverthinkingsoftware.com\/#organization","name":"Clever Thinking Software Inc.","url":"https:\/\/www.cleverthinkingsoftware.com\/","logo":{"@type":"ImageObject","inLanguage":"fr-FR","@id":"https:\/\/www.cleverthinkingsoftware.com\/#\/schema\/logo\/image\/","url":"https:\/\/www.cleverthinkingsoftware.com\/wp-content\/uploads\/2024\/06\/thumbnail_Clever-Thinking-Software-Gothic-BLACK-BACKGROUND-Orange-2.png","contentUrl":"https:\/\/www.cleverthinkingsoftware.com\/wp-content\/uploads\/2024\/06\/thumbnail_Clever-Thinking-Software-Gothic-BLACK-BACKGROUND-Orange-2.png","width":1049,"height":590,"caption":"Clever Thinking Software Inc."},"image":{"@id":"https:\/\/www.cleverthinkingsoftware.com\/#\/schema\/logo\/image\/"},"sameAs":["https:\/\/www.instagram.com\/cleverthinkingsoftware\/"]}]}},"uagb_featured_image_src":{"full":false,"thumbnail":false,"medium":false,"medium_large":false,"large":false,"1536x1536":false,"2048x2048":false,"trp-custom-language-flag":false},"uagb_author_info":{"display_name":"Nicolas Theraulaz","author_link":"https:\/\/www.cleverthinkingsoftware.com\/fr\/author\/nico_admin\/"},"uagb_comment_info":0,"uagb_excerpt":"In Short As software becomes more complex and less reliable, people often have to deal with clunky UX and long input lag. We strongly believe software should be easy to use, fast and reliable, no matter how complex. We founded Clever Thinking Software with one goal in mind: reverse the trend and make fast, intuitive\u2026","_links":{"self":[{"href":"https:\/\/www.cleverthinkingsoftware.com\/fr\/wp-json\/wp\/v2\/pages\/122","targetHints":{"allow":["GET"]}}],"collection":[{"href":"https:\/\/www.cleverthinkingsoftware.com\/fr\/wp-json\/wp\/v2\/pages"}],"about":[{"href":"https:\/\/www.cleverthinkingsoftware.com\/fr\/wp-json\/wp\/v2\/types\/page"}],"author":[{"embeddable":true,"href":"https:\/\/www.cleverthinkingsoftware.com\/fr\/wp-json\/wp\/v2\/users\/1"}],"replies":[{"embeddable":true,"href":"https:\/\/www.cleverthinkingsoftware.com\/fr\/wp-json\/wp\/v2\/comments?post=122"}],"version-history":[{"count":15,"href":"https:\/\/www.cleverthinkingsoftware.com\/fr\/wp-json\/wp\/v2\/pages\/122\/revisions"}],"predecessor-version":[{"id":2424,"href":"https:\/\/www.cleverthinkingsoftware.com\/fr\/wp-json\/wp\/v2\/pages\/122\/revisions\/2424"}],"wp:attachment":[{"href":"https:\/\/www.cleverthinkingsoftware.com\/fr\/wp-json\/wp\/v2\/media?parent=122"}],"curies":[{"name":"wp","href":"https:\/\/api.w.org\/{rel}","templated":true}]}}