{"id":1823,"date":"2025-03-25T09:36:12","date_gmt":"2025-03-25T13:36:12","guid":{"rendered":"https:\/\/www.cleverthinkingsoftware.com\/?page_id=1823"},"modified":"2025-03-25T12:59:02","modified_gmt":"2025-03-25T16:59:02","slug":"ai-contact","status":"publish","type":"page","link":"https:\/\/www.cleverthinkingsoftware.com\/fr\/ai-contact\/","title":{"rendered":"AI &#8211; Contact"},"content":{"rendered":"<div style=\"height:var(--wp--preset--spacing--30)\" aria-hidden=\"true\" class=\"wp-block-spacer\"><\/div>\n\n\n\n<div class=\"wp-block-group has-base-color has-text-color has-background has-link-color wp-elements-4ee04ffda9477932e700644e03547c2f has-global-padding is-layout-constrained wp-container-core-group-is-layout-f611be13 wp-block-group-is-layout-constrained\" style=\"background-color:#ffbe00d9;padding-top:var(--wp--preset--spacing--50);padding-right:var(--wp--preset--spacing--50);padding-bottom:var(--wp--preset--spacing--50);padding-left:var(--wp--preset--spacing--50)\">\n<h2 class=\"wp-block-heading has-text-color has-link-color wp-elements-ab20bcf014d066d18ab1bbba21b7f889\" style=\"color:#ffffff\">Nous contacter<\/h2>\n\n\n\n<p><\/p>\n\n\n<\/div>","protected":false},"excerpt":{"rendered":"<p>Nous contacter<\/p>","protected":false},"author":1,"featured_media":0,"parent":0,"menu_order":0,"comment_status":"closed","ping_status":"closed","template":"ai-2","meta":{"inline_featured_image":false,"_uag_custom_page_level_css":"","footnotes":""},"class_list":["post-1823","page","type-page","status-publish","hentry"],"yoast_head":"<!-- This site is optimized with the Yoast SEO plugin v27.3 - https:\/\/yoast.com\/product\/yoast-seo-wordpress\/ -->\n<title>AI - Contact - Clever Thinking Software<\/title>\n<meta name=\"robots\" content=\"index, follow, max-snippet:-1, max-image-preview:large, max-video-preview:-1\" \/>\n<link rel=\"canonical\" href=\"https:\/\/www.cleverthinkingsoftware.com\/fr\/ai-contact\/\" \/>\n<meta property=\"og:locale\" content=\"fr_FR\" \/>\n<meta property=\"og:type\" content=\"article\" \/>\n<meta property=\"og:title\" content=\"AI - Contact - Clever Thinking Software\" \/>\n<meta property=\"og:description\" content=\"Contact Us\" \/>\n<meta property=\"og:url\" content=\"https:\/\/www.cleverthinkingsoftware.com\/fr\/ai-contact\/\" \/>\n<meta property=\"og:site_name\" content=\"Clever Thinking Software\" \/>\n<meta property=\"article:modified_time\" content=\"2025-03-25T16:59:02+00:00\" \/>\n<meta name=\"twitter:card\" content=\"summary_large_image\" \/>\n<meta name=\"twitter:label1\" content=\"Dur\u00e9e de lecture estim\u00e9e\" \/>\n\t<meta name=\"twitter:data1\" content=\"1 minute\" \/>\n<script type=\"application\/ld+json\" class=\"yoast-schema-graph\">{\"@context\":\"https:\\\/\\\/schema.org\",\"@graph\":[{\"@type\":\"WebPage\",\"@id\":\"https:\\\/\\\/www.cleverthinkingsoftware.com\\\/ai-contact\\\/\",\"url\":\"https:\\\/\\\/www.cleverthinkingsoftware.com\\\/ai-contact\\\/\",\"name\":\"AI - Contact - Clever Thinking Software\",\"isPartOf\":{\"@id\":\"https:\\\/\\\/www.cleverthinkingsoftware.com\\\/#website\"},\"datePublished\":\"2025-03-25T13:36:12+00:00\",\"dateModified\":\"2025-03-25T16:59:02+00:00\",\"breadcrumb\":{\"@id\":\"https:\\\/\\\/www.cleverthinkingsoftware.com\\\/ai-contact\\\/#breadcrumb\"},\"inLanguage\":\"fr-FR\",\"potentialAction\":[{\"@type\":\"ReadAction\",\"target\":[\"https:\\\/\\\/www.cleverthinkingsoftware.com\\\/ai-contact\\\/\"]}]},{\"@type\":\"BreadcrumbList\",\"@id\":\"https:\\\/\\\/www.cleverthinkingsoftware.com\\\/ai-contact\\\/#breadcrumb\",\"itemListElement\":[{\"@type\":\"ListItem\",\"position\":1,\"name\":\"Home\",\"item\":\"https:\\\/\\\/www.cleverthinkingsoftware.com\\\/\"},{\"@type\":\"ListItem\",\"position\":2,\"name\":\"AI &#8211; Contact\"}]},{\"@type\":\"WebSite\",\"@id\":\"https:\\\/\\\/www.cleverthinkingsoftware.com\\\/#website\",\"url\":\"https:\\\/\\\/www.cleverthinkingsoftware.com\\\/\",\"name\":\"Clever Thinking Software\",\"description\":\"Controlling complexity through custom software, IT consulting and AI solutions.\",\"publisher\":{\"@id\":\"https:\\\/\\\/www.cleverthinkingsoftware.com\\\/#organization\"},\"inLanguage\":\"fr-FR\"},{\"@type\":\"Organization\",\"@id\":\"https:\\\/\\\/www.cleverthinkingsoftware.com\\\/#organization\",\"name\":\"Clever Thinking Software Inc.\",\"url\":\"https:\\\/\\\/www.cleverthinkingsoftware.com\\\/\",\"logo\":{\"@type\":\"ImageObject\",\"inLanguage\":\"fr-FR\",\"@id\":\"https:\\\/\\\/www.cleverthinkingsoftware.com\\\/#\\\/schema\\\/logo\\\/image\\\/\",\"url\":\"https:\\\/\\\/www.cleverthinkingsoftware.com\\\/wp-content\\\/uploads\\\/2024\\\/06\\\/thumbnail_Clever-Thinking-Software-Gothic-BLACK-BACKGROUND-Orange-2.png\",\"contentUrl\":\"https:\\\/\\\/www.cleverthinkingsoftware.com\\\/wp-content\\\/uploads\\\/2024\\\/06\\\/thumbnail_Clever-Thinking-Software-Gothic-BLACK-BACKGROUND-Orange-2.png\",\"width\":1049,\"height\":590,\"caption\":\"Clever Thinking Software Inc.\"},\"image\":{\"@id\":\"https:\\\/\\\/www.cleverthinkingsoftware.com\\\/#\\\/schema\\\/logo\\\/image\\\/\"},\"sameAs\":[\"https:\\\/\\\/www.instagram.com\\\/cleverthinkingsoftware\\\/\"]}]}<\/script>\n<!-- \/ Yoast SEO plugin. -->","yoast_head_json":{"title":"AI - Contact - Clever Thinking Software","robots":{"index":"index","follow":"follow","max-snippet":"max-snippet:-1","max-image-preview":"max-image-preview:large","max-video-preview":"max-video-preview:-1"},"canonical":"https:\/\/www.cleverthinkingsoftware.com\/fr\/ai-contact\/","og_locale":"fr_FR","og_type":"article","og_title":"AI - Contact - Clever Thinking Software","og_description":"Contact Us","og_url":"https:\/\/www.cleverthinkingsoftware.com\/fr\/ai-contact\/","og_site_name":"Clever Thinking Software","article_modified_time":"2025-03-25T16:59:02+00:00","twitter_card":"summary_large_image","twitter_misc":{"Dur\u00e9e de lecture estim\u00e9e":"1 minute"},"schema":{"@context":"https:\/\/schema.org","@graph":[{"@type":"WebPage","@id":"https:\/\/www.cleverthinkingsoftware.com\/ai-contact\/","url":"https:\/\/www.cleverthinkingsoftware.com\/ai-contact\/","name":"AI - Contact - Clever Thinking Software","isPartOf":{"@id":"https:\/\/www.cleverthinkingsoftware.com\/#website"},"datePublished":"2025-03-25T13:36:12+00:00","dateModified":"2025-03-25T16:59:02+00:00","breadcrumb":{"@id":"https:\/\/www.cleverthinkingsoftware.com\/ai-contact\/#breadcrumb"},"inLanguage":"fr-FR","potentialAction":[{"@type":"ReadAction","target":["https:\/\/www.cleverthinkingsoftware.com\/ai-contact\/"]}]},{"@type":"BreadcrumbList","@id":"https:\/\/www.cleverthinkingsoftware.com\/ai-contact\/#breadcrumb","itemListElement":[{"@type":"ListItem","position":1,"name":"Home","item":"https:\/\/www.cleverthinkingsoftware.com\/"},{"@type":"ListItem","position":2,"name":"AI &#8211; Contact"}]},{"@type":"WebSite","@id":"https:\/\/www.cleverthinkingsoftware.com\/#website","url":"https:\/\/www.cleverthinkingsoftware.com\/","name":"Clever Thinking Software","description":"Ma\u00eetriser la complexit\u00e9 gr\u00e2ce au d\u00e9veloppement custom, au conseil informatique et aux solutions d'IA.","publisher":{"@id":"https:\/\/www.cleverthinkingsoftware.com\/#organization"},"inLanguage":"fr-FR"},{"@type":"Organization","@id":"https:\/\/www.cleverthinkingsoftware.com\/#organization","name":"Clever Thinking Software Inc.","url":"https:\/\/www.cleverthinkingsoftware.com\/","logo":{"@type":"ImageObject","inLanguage":"fr-FR","@id":"https:\/\/www.cleverthinkingsoftware.com\/#\/schema\/logo\/image\/","url":"https:\/\/www.cleverthinkingsoftware.com\/wp-content\/uploads\/2024\/06\/thumbnail_Clever-Thinking-Software-Gothic-BLACK-BACKGROUND-Orange-2.png","contentUrl":"https:\/\/www.cleverthinkingsoftware.com\/wp-content\/uploads\/2024\/06\/thumbnail_Clever-Thinking-Software-Gothic-BLACK-BACKGROUND-Orange-2.png","width":1049,"height":590,"caption":"Clever Thinking Software Inc."},"image":{"@id":"https:\/\/www.cleverthinkingsoftware.com\/#\/schema\/logo\/image\/"},"sameAs":["https:\/\/www.instagram.com\/cleverthinkingsoftware\/"]}]}},"uagb_featured_image_src":{"full":false,"thumbnail":false,"medium":false,"medium_large":false,"large":false,"1536x1536":false,"2048x2048":false,"trp-custom-language-flag":false},"uagb_author_info":{"display_name":"Nicolas Theraulaz","author_link":"https:\/\/www.cleverthinkingsoftware.com\/fr\/author\/nico_admin\/"},"uagb_comment_info":0,"uagb_excerpt":"Contact Us","_links":{"self":[{"href":"https:\/\/www.cleverthinkingsoftware.com\/fr\/wp-json\/wp\/v2\/pages\/1823","targetHints":{"allow":["GET"]}}],"collection":[{"href":"https:\/\/www.cleverthinkingsoftware.com\/fr\/wp-json\/wp\/v2\/pages"}],"about":[{"href":"https:\/\/www.cleverthinkingsoftware.com\/fr\/wp-json\/wp\/v2\/types\/page"}],"author":[{"embeddable":true,"href":"https:\/\/www.cleverthinkingsoftware.com\/fr\/wp-json\/wp\/v2\/users\/1"}],"replies":[{"embeddable":true,"href":"https:\/\/www.cleverthinkingsoftware.com\/fr\/wp-json\/wp\/v2\/comments?post=1823"}],"version-history":[{"count":30,"href":"https:\/\/www.cleverthinkingsoftware.com\/fr\/wp-json\/wp\/v2\/pages\/1823\/revisions"}],"predecessor-version":[{"id":1921,"href":"https:\/\/www.cleverthinkingsoftware.com\/fr\/wp-json\/wp\/v2\/pages\/1823\/revisions\/1921"}],"wp:attachment":[{"href":"https:\/\/www.cleverthinkingsoftware.com\/fr\/wp-json\/wp\/v2\/media?parent=1823"}],"curies":[{"name":"wp","href":"https:\/\/api.w.org\/{rel}","templated":true}]}}