{"id":2060,"date":"2025-04-04T09:22:41","date_gmt":"2025-04-04T13:22:41","guid":{"rendered":"https:\/\/www.cleverthinkingsoftware.com\/?page_id=2060"},"modified":"2025-04-28T04:34:59","modified_gmt":"2025-04-28T08:34:59","slug":"blog","status":"publish","type":"page","link":"https:\/\/www.cleverthinkingsoftware.com\/fr\/blog\/","title":{"rendered":"Blog"},"content":{"rendered":"<div style=\"height:var(--wp--preset--spacing--30)\" aria-hidden=\"true\" class=\"wp-block-spacer\"><\/div>\n\n\n\n<main class=\"wp-block-group alignfull has-base-2-background-color has-background has-global-padding is-layout-constrained wp-block-group-is-layout-constrained\">\n<div class=\"wp-block-query alignwide is-layout-flow wp-block-query-is-layout-flow\">\n\n\n<div class=\"wp-block-group is-layout-flow wp-block-group-is-layout-flow\" style=\"margin-top:0;margin-bottom:0;padding-top:var(--wp--preset--spacing--50);padding-right:0;padding-bottom:var(--wp--preset--spacing--50);padding-left:0\"><ul class=\"columns-3 alignfull wp-block-post-template is-layout-grid wp-container-core-post-template-is-layout-2d080239 wp-block-post-template-is-layout-grid\"><li class=\"wp-block-post post-3119 post type-post status-publish format-standard has-post-thumbnail hentry category-uncategorized tag-democracy tag-influencers tag-kickstarter tag-misinformation tag-source tag-truth\">\n<figure style=\"aspect-ratio:3\/4; padding-bottom:var(--wp--preset--spacing--20);margin-bottom:0;\" class=\"wp-block-post-featured-image\"><a href=\"https:\/\/www.cleverthinkingsoftware.com\/fr\/truth-or-extinction\/\" target=\"_self\"  ><img loading=\"lazy\" decoding=\"async\" width=\"1024\" height=\"576\" src=\"https:\/\/www.cleverthinkingsoftware.com\/wp-content\/uploads\/2025\/09\/boy2.jpg\" class=\"attachment-post-thumbnail size-post-thumbnail wp-post-image\" alt=\"Truth, or Extinction\" style=\"width:100%;height:100%;object-fit:cover;\" srcset=\"https:\/\/www.cleverthinkingsoftware.com\/wp-content\/uploads\/2025\/09\/boy2.jpg 1024w, https:\/\/www.cleverthinkingsoftware.com\/wp-content\/uploads\/2025\/09\/boy2-300x169.jpg 300w, https:\/\/www.cleverthinkingsoftware.com\/wp-content\/uploads\/2025\/09\/boy2-768x432.jpg 768w, https:\/\/www.cleverthinkingsoftware.com\/wp-content\/uploads\/2025\/09\/boy2-18x10.jpg 18w\" sizes=\"auto, (max-width: 1024px) 100vw, 1024px\" \/><\/a><\/figure>\n\n\n<div class=\"wp-block-group is-vertical is-nowrap is-layout-flex wp-container-core-group-is-layout-97ba36a5 wp-block-group-is-layout-flex\" style=\"margin-top:var(--wp--preset--spacing--20);padding-top:0\"><h2 class=\"wp-block-post-title has-large-font-size wp-container-content-32e3a40d\"><a href=\"https:\/\/www.cleverthinkingsoftware.com\/fr\/truth-or-extinction\/\" target=\"_self\" >V\u00e9rit\u00e9, ou Extinction<\/a><\/h2>\n\n<div class=\"wp-block-template-part\">\n<div class=\"wp-block-group has-global-padding is-layout-constrained wp-block-group-is-layout-constrained\">\n<div class=\"wp-block-group is-content-justification-left is-layout-flex wp-container-core-group-is-layout-dfe8e91f wp-block-group-is-layout-flex\"><div class=\"wp-block-post-date\"><time datetime=\"2025-09-15T02:22:42-04:00\"><a href=\"https:\/\/www.cleverthinkingsoftware.com\/fr\/truth-or-extinction\/\">Sep 15, 2025<\/a><\/time><\/div>\n\n\n<p class=\"has-contrast-2-color has-text-color\">\u2014<\/p>\n\n\n\n<p class=\"has-contrast-2-color has-text-color has-small-font-size\">par<\/p>\n\n\n<div class=\"wp-block-post-author-name\"><a href=\"https:\/\/www.cleverthinkingsoftware.com\/fr\/author\/dex_admin\/\" target=\"_self\" class=\"wp-block-post-author-name__link\">Dexter Santucci<\/a><\/div><\/div>\n<\/div>\n<\/div>\n\n<div class=\"wp-block-post-excerpt has-text-color has-contrast-2-color has-small-font-size wp-container-content-32e3a40d\"><p class=\"wp-block-post-excerpt__excerpt\">Un manifeste contre la d\u00e9sinformation. <\/p><\/div>\n\n\n<div style=\"height:0px\" aria-hidden=\"true\" class=\"wp-block-spacer wp-container-content-32e3a40d\"><\/div>\n<\/div>\n\n<\/li><li class=\"wp-block-post post-2968 post type-post status-publish format-standard has-post-thumbnail hentry category-uncategorized tag-apple tag-behind-the-scene tag-design tag-devtools tag-engineering tag-localization tag-programming tag-softwareengineering tag-swift tag-swiftui\">\n<figure style=\"aspect-ratio:3\/4; padding-bottom:var(--wp--preset--spacing--20);margin-bottom:0;\" class=\"wp-block-post-featured-image\"><a href=\"https:\/\/www.cleverthinkingsoftware.com\/fr\/the-story-behind-maps-address-book\/\" target=\"_self\"  ><img loading=\"lazy\" decoding=\"async\" width=\"1536\" height=\"1024\" src=\"https:\/\/www.cleverthinkingsoftware.com\/wp-content\/uploads\/2025\/06\/cropped_optimized_jpeg.jpg\" class=\"attachment-post-thumbnail size-post-thumbnail wp-post-image\" alt=\"The Story Behind Maps Address Book\" style=\"width:100%;height:100%;object-fit:cover;\" srcset=\"https:\/\/www.cleverthinkingsoftware.com\/wp-content\/uploads\/2025\/06\/cropped_optimized_jpeg.jpg 1536w, https:\/\/www.cleverthinkingsoftware.com\/wp-content\/uploads\/2025\/06\/cropped_optimized_jpeg-300x200.jpg 300w, https:\/\/www.cleverthinkingsoftware.com\/wp-content\/uploads\/2025\/06\/cropped_optimized_jpeg-1024x683.jpg 1024w, https:\/\/www.cleverthinkingsoftware.com\/wp-content\/uploads\/2025\/06\/cropped_optimized_jpeg-768x512.jpg 768w, https:\/\/www.cleverthinkingsoftware.com\/wp-content\/uploads\/2025\/06\/cropped_optimized_jpeg-18x12.jpg 18w\" sizes=\"auto, (max-width: 1536px) 100vw, 1536px\" \/><\/a><\/figure>\n\n\n<div class=\"wp-block-group is-vertical is-nowrap is-layout-flex wp-container-core-group-is-layout-97ba36a5 wp-block-group-is-layout-flex\" style=\"margin-top:var(--wp--preset--spacing--20);padding-top:0\"><h2 class=\"wp-block-post-title has-large-font-size wp-container-content-32e3a40d\"><a href=\"https:\/\/www.cleverthinkingsoftware.com\/fr\/the-story-behind-maps-address-book\/\" target=\"_self\" >L'Histoire Derri\u00e8re Maps Address Book<\/a><\/h2>\n\n<div class=\"wp-block-template-part\">\n<div class=\"wp-block-group has-global-padding is-layout-constrained wp-block-group-is-layout-constrained\">\n<div class=\"wp-block-group is-content-justification-left is-layout-flex wp-container-core-group-is-layout-dfe8e91f wp-block-group-is-layout-flex\"><div class=\"wp-block-post-date\"><time datetime=\"2025-09-02T08:12:43-04:00\"><a href=\"https:\/\/www.cleverthinkingsoftware.com\/fr\/the-story-behind-maps-address-book\/\">Sep 2, 2025<\/a><\/time><\/div>\n\n\n<p class=\"has-contrast-2-color has-text-color\">\u2014<\/p>\n\n\n\n<p class=\"has-contrast-2-color has-text-color has-small-font-size\">par<\/p>\n\n\n<div class=\"wp-block-post-author-name\"><a href=\"https:\/\/www.cleverthinkingsoftware.com\/fr\/author\/dex_admin\/\" target=\"_self\" class=\"wp-block-post-author-name__link\">Dexter Santucci<\/a><\/div><\/div>\n<\/div>\n<\/div>\n\n<div class=\"wp-block-post-excerpt has-text-color has-contrast-2-color has-small-font-size wp-container-content-32e3a40d\"><p class=\"wp-block-post-excerpt__excerpt\">Ou : Comment l'Application la Plus Simple s'est Transform\u00e9e en la Chose la Plus Difficile que Nous Ayons Jamais Construite <\/p><\/div>\n\n\n<div style=\"height:0px\" aria-hidden=\"true\" class=\"wp-block-spacer wp-container-content-32e3a40d\"><\/div>\n<\/div>\n\n<\/li><li class=\"wp-block-post post-2903 post type-post status-publish format-standard hentry category-uncategorized tag-ai tag-aicoding tag-developerproductivity tag-devtools tag-engineering tag-llm tag-programming tag-softwaredevelopment tag-softwareengineering tag-specifications tag-techwriting tag-vibe-coding\">\n\n\n\n<div class=\"wp-block-group is-vertical is-nowrap is-layout-flex wp-container-core-group-is-layout-97ba36a5 wp-block-group-is-layout-flex\" style=\"margin-top:var(--wp--preset--spacing--20);padding-top:0\"><h2 class=\"wp-block-post-title has-large-font-size wp-container-content-32e3a40d\"><a href=\"https:\/\/www.cleverthinkingsoftware.com\/fr\/spec-first-development-the-missing-manual-for-building-with-ai\/\" target=\"_self\" >D\u00e9veloppement Orient\u00e9 Sp\u00e9cifications : Le Manuel Essentiel pour Construire avec l'IA<\/a><\/h2>\n\n<div class=\"wp-block-template-part\">\n<div class=\"wp-block-group has-global-padding is-layout-constrained wp-block-group-is-layout-constrained\">\n<div class=\"wp-block-group is-content-justification-left is-layout-flex wp-container-core-group-is-layout-dfe8e91f wp-block-group-is-layout-flex\"><div class=\"wp-block-post-date\"><time datetime=\"2025-05-12T04:37:37-04:00\"><a href=\"https:\/\/www.cleverthinkingsoftware.com\/fr\/spec-first-development-the-missing-manual-for-building-with-ai\/\">Mai 12, 2025<\/a><\/time><\/div>\n\n\n<p class=\"has-contrast-2-color has-text-color\">\u2014<\/p>\n\n\n\n<p class=\"has-contrast-2-color has-text-color has-small-font-size\">par<\/p>\n\n\n<div class=\"wp-block-post-author-name\"><a href=\"https:\/\/www.cleverthinkingsoftware.com\/fr\/author\/dex_admin\/\" target=\"_self\" class=\"wp-block-post-author-name__link\">Dexter Santucci<\/a><\/div><\/div>\n<\/div>\n<\/div>\n\n<div class=\"wp-block-post-excerpt has-text-color has-contrast-2-color has-small-font-size wp-container-content-32e3a40d\"><p class=\"wp-block-post-excerpt__excerpt\">Arr\u00eatez le \"vibe coding\" et commencez \u00e0 cr\u00e9er des logiciels maintenables avec les LLM <\/p><\/div>\n\n\n<div style=\"height:0px\" aria-hidden=\"true\" class=\"wp-block-spacer wp-container-content-32e3a40d\"><\/div>\n<\/div>\n\n<\/li><li class=\"wp-block-post post-2109 post type-post status-publish format-standard hentry category-ai tag-ai tag-bright-future tag-creating tag-engineering tag-futurism tag-ideas tag-marketing tag-opportunities tag-programming tag-singularity\">\n\n\n\n<div class=\"wp-block-group is-vertical is-nowrap is-layout-flex wp-container-core-group-is-layout-97ba36a5 wp-block-group-is-layout-flex\" style=\"margin-top:var(--wp--preset--spacing--20);padding-top:0\"><h2 class=\"wp-block-post-title has-large-font-size wp-container-content-32e3a40d\"><a href=\"https:\/\/www.cleverthinkingsoftware.com\/fr\/programmers-will-be-replaced-by-people-with-ideas\/\" target=\"_self\" >Les Programmeurs Seront Remplac\u00e9s par des Personnes Ayant des Id\u00e9es<\/a><\/h2>\n\n<div class=\"wp-block-template-part\">\n<div class=\"wp-block-group has-global-padding is-layout-constrained wp-block-group-is-layout-constrained\">\n<div class=\"wp-block-group is-content-justification-left is-layout-flex wp-container-core-group-is-layout-dfe8e91f wp-block-group-is-layout-flex\"><div class=\"wp-block-post-date\"><time datetime=\"2025-04-07T08:38:23-04:00\"><a href=\"https:\/\/www.cleverthinkingsoftware.com\/fr\/programmers-will-be-replaced-by-people-with-ideas\/\">Avr 7, 2025<\/a><\/time><\/div>\n\n\n<p class=\"has-contrast-2-color has-text-color\">\u2014<\/p>\n\n\n\n<p class=\"has-contrast-2-color has-text-color has-small-font-size\">par<\/p>\n\n\n<div class=\"wp-block-post-author-name\"><a href=\"https:\/\/www.cleverthinkingsoftware.com\/fr\/author\/dex_admin\/\" target=\"_self\" class=\"wp-block-post-author-name__link\">Dexter Santucci<\/a><\/div><\/div>\n<\/div>\n<\/div>\n\n<div class=\"wp-block-post-excerpt has-text-color has-contrast-2-color has-small-font-size wp-container-content-32e3a40d\"><p class=\"wp-block-post-excerpt__excerpt\">...de la m\u00eame mani\u00e8re que les calculateurs humains ont \u00e9t\u00e9 remplac\u00e9s par des machines. <\/p><\/div>\n\n\n<div style=\"height:0px\" aria-hidden=\"true\" class=\"wp-block-spacer wp-container-content-32e3a40d\"><\/div>\n<\/div>\n\n<\/li><li class=\"wp-block-post post-1978 post type-post status-publish format-standard hentry category-ai tag-ai tag-ai-safety tag-futurism tag-intelligence\">\n\n\n\n<div class=\"wp-block-group is-vertical is-nowrap is-layout-flex wp-container-core-group-is-layout-97ba36a5 wp-block-group-is-layout-flex\" style=\"margin-top:var(--wp--preset--spacing--20);padding-top:0\"><h2 class=\"wp-block-post-title has-large-font-size wp-container-content-32e3a40d\"><a href=\"https:\/\/www.cleverthinkingsoftware.com\/fr\/beyond-the-hype-the-real-path-to-agi\/\" target=\"_self\" >Au-del\u00e0 du battage m\u00e9diatique : Le v\u00e9ritable chemin vers l'AGI<\/a><\/h2>\n\n<div class=\"wp-block-template-part\">\n<div class=\"wp-block-group has-global-padding is-layout-constrained wp-block-group-is-layout-constrained\">\n<div class=\"wp-block-group is-content-justification-left is-layout-flex wp-container-core-group-is-layout-dfe8e91f wp-block-group-is-layout-flex\"><div class=\"wp-block-post-date\"><time datetime=\"2025-04-04T03:41:22-04:00\"><a href=\"https:\/\/www.cleverthinkingsoftware.com\/fr\/beyond-the-hype-the-real-path-to-agi\/\">Avr 4, 2025<\/a><\/time><\/div>\n\n\n<p class=\"has-contrast-2-color has-text-color\">\u2014<\/p>\n\n\n\n<p class=\"has-contrast-2-color has-text-color has-small-font-size\">par<\/p>\n\n\n<div class=\"wp-block-post-author-name\"><a href=\"https:\/\/www.cleverthinkingsoftware.com\/fr\/author\/dex_admin\/\" target=\"_self\" class=\"wp-block-post-author-name__link\">Dexter Santucci<\/a><\/div><\/div>\n<\/div>\n<\/div>\n\n<div class=\"wp-block-post-excerpt has-text-color has-contrast-2-color has-small-font-size wp-container-content-32e3a40d\"><p class=\"wp-block-post-excerpt__excerpt\">Nous ne sommes pas dans une bulle, mais au bord d'une r\u00e9volution <\/p><\/div>\n\n\n<div style=\"height:0px\" aria-hidden=\"true\" class=\"wp-block-spacer wp-container-content-32e3a40d\"><\/div>\n<\/div>\n\n<\/li><\/ul>\n\n\n<div style=\"margin-top:0;margin-bottom:0;height:var(--wp--preset--spacing--40)\" aria-hidden=\"true\" class=\"wp-block-spacer\"><\/div>\n\n\n<\/div>\n<\/div>\n<\/main>","protected":false},"excerpt":{"rendered":"","protected":false},"author":1,"featured_media":0,"parent":0,"menu_order":0,"comment_status":"closed","ping_status":"closed","template":"wp-custom-template-new-header","meta":{"inline_featured_image":false,"_uag_custom_page_level_css":"","footnotes":""},"class_list":["post-2060","page","type-page","status-publish","hentry"],"yoast_head":"<!-- This site is optimized with the Yoast SEO plugin v27.3 - https:\/\/yoast.com\/product\/yoast-seo-wordpress\/ -->\n<title>Blog - Clever Thinking Software<\/title>\n<meta name=\"robots\" content=\"index, follow, max-snippet:-1, max-image-preview:large, max-video-preview:-1\" \/>\n<link rel=\"canonical\" href=\"https:\/\/www.cleverthinkingsoftware.com\/fr\/blog\/\" \/>\n<meta property=\"og:locale\" content=\"fr_FR\" \/>\n<meta property=\"og:type\" content=\"article\" \/>\n<meta property=\"og:title\" content=\"Blog - Clever Thinking Software\" \/>\n<meta property=\"og:url\" content=\"https:\/\/www.cleverthinkingsoftware.com\/fr\/blog\/\" \/>\n<meta property=\"og:site_name\" content=\"Clever Thinking Software\" \/>\n<meta property=\"article:modified_time\" content=\"2025-04-28T08:34:59+00:00\" \/>\n<meta name=\"twitter:card\" content=\"summary_large_image\" \/>\n<meta name=\"twitter:label1\" content=\"Dur\u00e9e de lecture estim\u00e9e\" \/>\n\t<meta name=\"twitter:data1\" content=\"1 minute\" \/>\n<script type=\"application\/ld+json\" class=\"yoast-schema-graph\">{\"@context\":\"https:\\\/\\\/schema.org\",\"@graph\":[{\"@type\":\"WebPage\",\"@id\":\"https:\\\/\\\/www.cleverthinkingsoftware.com\\\/blog\\\/\",\"url\":\"https:\\\/\\\/www.cleverthinkingsoftware.com\\\/blog\\\/\",\"name\":\"Blog - Clever Thinking Software\",\"isPartOf\":{\"@id\":\"https:\\\/\\\/www.cleverthinkingsoftware.com\\\/#website\"},\"datePublished\":\"2025-04-04T13:22:41+00:00\",\"dateModified\":\"2025-04-28T08:34:59+00:00\",\"breadcrumb\":{\"@id\":\"https:\\\/\\\/www.cleverthinkingsoftware.com\\\/blog\\\/#breadcrumb\"},\"inLanguage\":\"fr-FR\",\"potentialAction\":[{\"@type\":\"ReadAction\",\"target\":[\"https:\\\/\\\/www.cleverthinkingsoftware.com\\\/blog\\\/\"]}]},{\"@type\":\"BreadcrumbList\",\"@id\":\"https:\\\/\\\/www.cleverthinkingsoftware.com\\\/blog\\\/#breadcrumb\",\"itemListElement\":[{\"@type\":\"ListItem\",\"position\":1,\"name\":\"Home\",\"item\":\"https:\\\/\\\/www.cleverthinkingsoftware.com\\\/\"},{\"@type\":\"ListItem\",\"position\":2,\"name\":\"Blog\"}]},{\"@type\":\"WebSite\",\"@id\":\"https:\\\/\\\/www.cleverthinkingsoftware.com\\\/#website\",\"url\":\"https:\\\/\\\/www.cleverthinkingsoftware.com\\\/\",\"name\":\"Clever Thinking Software\",\"description\":\"Controlling complexity through custom software, IT consulting and AI solutions.\",\"publisher\":{\"@id\":\"https:\\\/\\\/www.cleverthinkingsoftware.com\\\/#organization\"},\"inLanguage\":\"fr-FR\"},{\"@type\":\"Organization\",\"@id\":\"https:\\\/\\\/www.cleverthinkingsoftware.com\\\/#organization\",\"name\":\"Clever Thinking Software Inc.\",\"url\":\"https:\\\/\\\/www.cleverthinkingsoftware.com\\\/\",\"logo\":{\"@type\":\"ImageObject\",\"inLanguage\":\"fr-FR\",\"@id\":\"https:\\\/\\\/www.cleverthinkingsoftware.com\\\/#\\\/schema\\\/logo\\\/image\\\/\",\"url\":\"https:\\\/\\\/www.cleverthinkingsoftware.com\\\/wp-content\\\/uploads\\\/2024\\\/06\\\/thumbnail_Clever-Thinking-Software-Gothic-BLACK-BACKGROUND-Orange-2.png\",\"contentUrl\":\"https:\\\/\\\/www.cleverthinkingsoftware.com\\\/wp-content\\\/uploads\\\/2024\\\/06\\\/thumbnail_Clever-Thinking-Software-Gothic-BLACK-BACKGROUND-Orange-2.png\",\"width\":1049,\"height\":590,\"caption\":\"Clever Thinking Software Inc.\"},\"image\":{\"@id\":\"https:\\\/\\\/www.cleverthinkingsoftware.com\\\/#\\\/schema\\\/logo\\\/image\\\/\"},\"sameAs\":[\"https:\\\/\\\/www.instagram.com\\\/cleverthinkingsoftware\\\/\"]}]}<\/script>\n<!-- \/ Yoast SEO plugin. -->","yoast_head_json":{"title":"Blog - Clever Thinking Software","robots":{"index":"index","follow":"follow","max-snippet":"max-snippet:-1","max-image-preview":"max-image-preview:large","max-video-preview":"max-video-preview:-1"},"canonical":"https:\/\/www.cleverthinkingsoftware.com\/fr\/blog\/","og_locale":"fr_FR","og_type":"article","og_title":"Blog - Clever Thinking Software","og_url":"https:\/\/www.cleverthinkingsoftware.com\/fr\/blog\/","og_site_name":"Clever Thinking Software","article_modified_time":"2025-04-28T08:34:59+00:00","twitter_card":"summary_large_image","twitter_misc":{"Dur\u00e9e de lecture estim\u00e9e":"1 minute"},"schema":{"@context":"https:\/\/schema.org","@graph":[{"@type":"WebPage","@id":"https:\/\/www.cleverthinkingsoftware.com\/blog\/","url":"https:\/\/www.cleverthinkingsoftware.com\/blog\/","name":"Blog - Clever Thinking Software","isPartOf":{"@id":"https:\/\/www.cleverthinkingsoftware.com\/#website"},"datePublished":"2025-04-04T13:22:41+00:00","dateModified":"2025-04-28T08:34:59+00:00","breadcrumb":{"@id":"https:\/\/www.cleverthinkingsoftware.com\/blog\/#breadcrumb"},"inLanguage":"fr-FR","potentialAction":[{"@type":"ReadAction","target":["https:\/\/www.cleverthinkingsoftware.com\/blog\/"]}]},{"@type":"BreadcrumbList","@id":"https:\/\/www.cleverthinkingsoftware.com\/blog\/#breadcrumb","itemListElement":[{"@type":"ListItem","position":1,"name":"Home","item":"https:\/\/www.cleverthinkingsoftware.com\/"},{"@type":"ListItem","position":2,"name":"Blog"}]},{"@type":"WebSite","@id":"https:\/\/www.cleverthinkingsoftware.com\/#website","url":"https:\/\/www.cleverthinkingsoftware.com\/","name":"Clever Thinking Software","description":"Ma\u00eetriser la complexit\u00e9 gr\u00e2ce au d\u00e9veloppement custom, au conseil informatique et aux solutions d'IA.","publisher":{"@id":"https:\/\/www.cleverthinkingsoftware.com\/#organization"},"inLanguage":"fr-FR"},{"@type":"Organization","@id":"https:\/\/www.cleverthinkingsoftware.com\/#organization","name":"Clever Thinking Software Inc.","url":"https:\/\/www.cleverthinkingsoftware.com\/","logo":{"@type":"ImageObject","inLanguage":"fr-FR","@id":"https:\/\/www.cleverthinkingsoftware.com\/#\/schema\/logo\/image\/","url":"https:\/\/www.cleverthinkingsoftware.com\/wp-content\/uploads\/2024\/06\/thumbnail_Clever-Thinking-Software-Gothic-BLACK-BACKGROUND-Orange-2.png","contentUrl":"https:\/\/www.cleverthinkingsoftware.com\/wp-content\/uploads\/2024\/06\/thumbnail_Clever-Thinking-Software-Gothic-BLACK-BACKGROUND-Orange-2.png","width":1049,"height":590,"caption":"Clever Thinking Software Inc."},"image":{"@id":"https:\/\/www.cleverthinkingsoftware.com\/#\/schema\/logo\/image\/"},"sameAs":["https:\/\/www.instagram.com\/cleverthinkingsoftware\/"]}]}},"uagb_featured_image_src":{"full":false,"thumbnail":false,"medium":false,"medium_large":false,"large":false,"1536x1536":false,"2048x2048":false,"trp-custom-language-flag":false},"uagb_author_info":{"display_name":"Nicolas Theraulaz","author_link":"https:\/\/www.cleverthinkingsoftware.com\/fr\/author\/nico_admin\/"},"uagb_comment_info":0,"uagb_excerpt":null,"_links":{"self":[{"href":"https:\/\/www.cleverthinkingsoftware.com\/fr\/wp-json\/wp\/v2\/pages\/2060","targetHints":{"allow":["GET"]}}],"collection":[{"href":"https:\/\/www.cleverthinkingsoftware.com\/fr\/wp-json\/wp\/v2\/pages"}],"about":[{"href":"https:\/\/www.cleverthinkingsoftware.com\/fr\/wp-json\/wp\/v2\/types\/page"}],"author":[{"embeddable":true,"href":"https:\/\/www.cleverthinkingsoftware.com\/fr\/wp-json\/wp\/v2\/users\/1"}],"replies":[{"embeddable":true,"href":"https:\/\/www.cleverthinkingsoftware.com\/fr\/wp-json\/wp\/v2\/comments?post=2060"}],"version-history":[{"count":17,"href":"https:\/\/www.cleverthinkingsoftware.com\/fr\/wp-json\/wp\/v2\/pages\/2060\/revisions"}],"predecessor-version":[{"id":3128,"href":"https:\/\/www.cleverthinkingsoftware.com\/fr\/wp-json\/wp\/v2\/pages\/2060\/revisions\/3128"}],"wp:attachment":[{"href":"https:\/\/www.cleverthinkingsoftware.com\/fr\/wp-json\/wp\/v2\/media?parent=2060"}],"curies":[{"name":"wp","href":"https:\/\/api.w.org\/{rel}","templated":true}]}}