{"id":2242,"date":"2025-04-11T09:46:51","date_gmt":"2025-04-11T13:46:51","guid":{"rendered":"https:\/\/www.cleverthinkingsoftware.com\/?page_id=2242"},"modified":"2025-05-02T05:18:54","modified_gmt":"2025-05-02T09:18:54","slug":"contact","status":"publish","type":"page","link":"https:\/\/www.cleverthinkingsoftware.com\/fr\/contact\/","title":{"rendered":"Contact"},"content":{"rendered":"\n<div style=\"height:var(--wp--preset--spacing--30)\" aria-hidden=\"true\" class=\"wp-block-spacer\"><\/div>\n\n\n\n<div class=\"wp-block-group alignfull has-base-background-color has-background has-global-padding is-layout-constrained wp-block-group-is-layout-constrained\" style=\"margin-top:0;margin-bottom:0\">\n<div class=\"wp-block-group is-layout-flow wp-container-core-group-is-layout-8936ea20 wp-block-group-is-layout-flow\" style=\"border-style:none;border-width:0px;border-radius:16px;margin-top:0;margin-bottom:0;padding-top:var(--wp--preset--spacing--50);padding-right:0;padding-bottom:var(--wp--preset--spacing--50);padding-left:0\">\n<div class=\"wp-block-group is-content-justification-center is-nowrap is-layout-flex wp-container-core-group-is-layout-23441af8 wp-block-group-is-layout-flex\">\n<h2 class=\"wp-block-heading has-text-align-center has-contrast-color has-text-color has-link-color has-x-large-font-size wp-elements-0db7d39735aad33cc8be8cbc399239bc\">Contact Us<\/h2>\n<\/div>\n\n\n\n<div style=\"height:var(--wp--preset--spacing--10)\" aria-hidden=\"true\" class=\"wp-block-spacer\"><\/div>\n\n\n\n\n<div class=\"wpcf7 no-js\" id=\"wpcf7-f2579-o1\" lang=\"en-CA\" dir=\"ltr\" data-wpcf7-id=\"2579\">\n<div class=\"screen-reader-response\"><p role=\"status\" aria-live=\"polite\" aria-atomic=\"true\"><\/p> <ul><\/ul><\/div>\n<form action=\"\/fr\/wp-json\/wp\/v2\/pages\/2242#wpcf7-f2579-o1\" method=\"post\" class=\"wpcf7-form init\" aria-label=\"Contact form\" novalidate=\"novalidate\" data-status=\"init\">\n<fieldset class=\"hidden-fields-container\"><input type=\"hidden\" name=\"_wpcf7\" value=\"2579\" \/><input type=\"hidden\" name=\"_wpcf7_version\" value=\"6.1.5\" \/><input type=\"hidden\" name=\"_wpcf7_locale\" value=\"en_CA\" \/><input type=\"hidden\" name=\"_wpcf7_unit_tag\" value=\"wpcf7-f2579-o1\" \/><input type=\"hidden\" name=\"_wpcf7_container_post\" value=\"0\" \/><input type=\"hidden\" name=\"_wpcf7_posted_data_hash\" value=\"\" \/><input type=\"hidden\" name=\"_wpcf7cf_hidden_group_fields\" value=\"[]\" \/><input type=\"hidden\" name=\"_wpcf7cf_hidden_groups\" value=\"[]\" \/><input type=\"hidden\" name=\"_wpcf7cf_visible_groups\" value=\"[]\" \/><input type=\"hidden\" name=\"_wpcf7cf_repeaters\" value=\"[]\" \/><input type=\"hidden\" name=\"_wpcf7cf_steps\" value=\"{}\" \/><input type=\"hidden\" name=\"_wpcf7cf_options\" value=\"{&quot;form_id&quot;:2579,&quot;conditions&quot;:[],&quot;settings&quot;:{&quot;animation&quot;:&quot;yes&quot;,&quot;animation_intime&quot;:200,&quot;animation_outtime&quot;:200,&quot;conditions_ui&quot;:&quot;normal&quot;,&quot;notice_dismissed&quot;:false}}\" \/><input type=\"hidden\" name=\"_wpcf7_recaptcha_response\" value=\"\" \/>\n<\/fieldset>\n<div class=\"field-group\">\n\t<p><label for=\"your-name\">Name <span class=\"required\">*<\/span><\/label>\n\t<\/p>\n\t<div class=\"name-row\">\n\t\t<div class=\"first-name\">\n\t\t\t<p><span class=\"wpcf7-form-control-wrap\" data-name=\"your-name\"><input size=\"40\" maxlength=\"400\" class=\"wpcf7-form-control wpcf7-text\" aria-invalid=\"false\" placeholder=\"First Name\" value=\"\" type=\"text\" name=\"your-name\" \/><\/span>\n\t\t\t<\/p>\n\t\t<\/div>\n\t\t<div class=\"last-name\">\n\t\t\t<p><span class=\"wpcf7-form-control-wrap\" data-name=\"your-lastname\"><input size=\"40\" maxlength=\"400\" class=\"wpcf7-form-control wpcf7-text\" aria-invalid=\"false\" placeholder=\"Last Name\" value=\"\" type=\"text\" name=\"your-lastname\" \/><\/span>\n\t\t\t<\/p>\n\t\t<\/div>\n\t<\/div>\n<\/div>\n<div class=\"field-group\">\n\t<p><label for=\"your-email\">Email <span class=\"required\">*<\/span><\/label><br \/>\n<span class=\"wpcf7-form-control-wrap\" data-name=\"your-email\"><input size=\"40\" maxlength=\"400\" class=\"wpcf7-form-control wpcf7-email wpcf7-validates-as-required wpcf7-text wpcf7-validates-as-email\" aria-required=\"true\" aria-invalid=\"false\" placeholder=\"Email address\" value=\"\" type=\"email\" name=\"your-email\" \/><\/span>\n\t<\/p>\n<\/div>\n<div class=\"field-group\">\n\t<p><label for=\"form-type\">Form Type <span class=\"required\">*<\/span><\/label><br \/>\n<span class=\"wpcf7-form-control-wrap\" data-name=\"form-type\"><select class=\"wpcf7-form-control wpcf7-select\" aria-invalid=\"false\" name=\"form-type\"><option value=\"\">&#8212;Please choose an option&#8212;<\/option><option value=\"Basic\">Basic<\/option><option value=\"Services\">Services<\/option><option value=\"Engineering\">Engineering<\/option><\/select><\/span>\n\t<\/p>\n<\/div>\n\n<!-- Basic Form Fields -->\n<div class=\"basic-form\" style=\"display:none;\">\n\t<div class=\"field-group\">\n\t\t<p><label for=\"basic-message\">Your Message <span class=\"required\">*<\/span><\/label><br \/>\n<span class=\"wpcf7-form-control-wrap\" data-name=\"basic-message\"><textarea cols=\"40\" rows=\"10\" maxlength=\"2000\" class=\"wpcf7-form-control wpcf7-textarea\" aria-invalid=\"false\" placeholder=\"Please describe the nature of your request.\" name=\"basic-message\"><\/textarea><\/span>\n\t\t<\/p>\n\t<\/div>\n<\/div>\n\n<!-- Engineering Form Fields -->\n<div class=\"engineering-form\" style=\"display:none;\">\n\t<div class=\"field-group\">\n\t\t<p><label for=\"company-name\">Company Name <span class=\"required\">*<\/span><\/label><br \/>\n<span class=\"wpcf7-form-control-wrap\" data-name=\"company-name\"><input size=\"40\" maxlength=\"400\" class=\"wpcf7-form-control wpcf7-text\" aria-invalid=\"false\" value=\"\" type=\"text\" name=\"company-name\" \/><\/span>\n\t\t<\/p>\n\t<\/div>\n\t<div class=\"field-group\">\n\t\t<p><label for=\"role\">Role <span class=\"required\">*<\/span><\/label><br \/>\n<span class=\"wpcf7-form-control-wrap\" data-name=\"role\"><input size=\"40\" maxlength=\"400\" class=\"wpcf7-form-control wpcf7-text\" aria-invalid=\"false\" value=\"\" type=\"text\" name=\"role\" \/><\/span>\n\t\t<\/p>\n\t<\/div>\n\t<div class=\"field-group\">\n\t\t<p><label for=\"industry-services\">Industry <span class=\"required\">*<\/span><\/label><br \/>\n<span class=\"wpcf7-form-control-wrap\" data-name=\"industry-services\"><select class=\"wpcf7-form-control wpcf7-select\" aria-invalid=\"false\" name=\"industry-services\"><option value=\"\">&#8212;Please choose an option&#8212;<\/option><option value=\"Entertainment\">Entertainment<\/option><option value=\"Educational\">Educational<\/option><option value=\"Medical\">Medical<\/option><option value=\"Marketing\">Marketing<\/option><option value=\"Industrial\">Industrial<\/option><option value=\"Media\">Media<\/option><option value=\"Other\">Other<\/option><\/select><\/span>\n\t\t<\/p>\n\t<\/div>\n\t<div class=\"field-group\">\n\t\t<p><label class=\"question-label\">Are you ready to share specific client needs? <span class=\"required\">*<\/span><\/label><br \/>\n<span class=\"wpcf7-form-control-wrap\" data-name=\"client-needs\"><span class=\"wpcf7-form-control wpcf7-radio\"><span class=\"wpcf7-list-item first\"><input type=\"radio\" name=\"client-needs\" value=\"Yes\" \/><span class=\"wpcf7-list-item-label\">Yes<\/span><\/span><span class=\"wpcf7-list-item last\"><input type=\"radio\" name=\"client-needs\" value=\"No\" checked=\"checked\" \/><span class=\"wpcf7-list-item-label\">No<\/span><\/span><\/span><\/span>\n\t\t<\/p>\n\t<\/div>\n\t<div class=\"field-group\">\n\t\t<p><label for=\"budget\">What budget are you targeting?<\/label><br \/>\n<span class=\"wpcf7-form-control-wrap\" data-name=\"budget\"><input size=\"40\" maxlength=\"400\" class=\"wpcf7-form-control wpcf7-text\" aria-invalid=\"false\" value=\"\" type=\"text\" name=\"budget\" \/><\/span>\n\t\t<\/p>\n\t<\/div>\n\t<div class=\"field-group\">\n\t\t<p><label class=\"question-label\">Do you want a detailed quote or a free assessment? <span class=\"required\">*<\/span><\/label><br \/>\n<span class=\"wpcf7-form-control-wrap\" data-name=\"quote-assessment\"><span class=\"wpcf7-form-control wpcf7-radio\"><span class=\"wpcf7-list-item first\"><input type=\"radio\" name=\"quote-assessment\" value=\"Detailed Quote\" \/><span class=\"wpcf7-list-item-label\">Detailed Quote<\/span><\/span><span class=\"wpcf7-list-item last\"><input type=\"radio\" name=\"quote-assessment\" value=\"Free Assessment\" checked=\"checked\" \/><span class=\"wpcf7-list-item-label\">Free Assessment<\/span><\/span><\/span><\/span>\n\t\t<\/p>\n\t<\/div>\n\t<div class=\"field-group\">\n\t\t<p><label for=\"engineering-message\">Your Message <span class=\"required\">*<\/span><\/label><br \/>\n<span class=\"wpcf7-form-control-wrap\" data-name=\"engineering-message\"><textarea cols=\"40\" rows=\"10\" maxlength=\"2000\" class=\"wpcf7-form-control wpcf7-textarea\" aria-invalid=\"false\" placeholder=\"Please describe the nature of your request.\" name=\"engineering-message\"><\/textarea><\/span>\n\t\t<\/p>\n\t<\/div>\n<\/div>\n\n\n<!-- Services Form Fields -->\n<div class=\"services-form\" style=\"display:none;\">\n\t<div class=\"field-group\">\n\t\t<p><label for=\"inquiry-type\">What do you need us for?<span class=\"required\">*<\/span><\/label><br \/>\n<span class=\"wpcf7-form-control-wrap\" data-name=\"inquiry-type\"><select class=\"wpcf7-form-control wpcf7-select\" aria-invalid=\"false\" name=\"inquiry-type\"><option value=\"\">&#8212;Please choose an option&#8212;<\/option><option value=\"IT Consulting\">IT Consulting<\/option><option value=\"AI Consulting\">AI Consulting<\/option><option value=\"Custom Software Development\">Custom Software Development<\/option><option value=\"Mobile App Development\">Mobile App Development<\/option><option value=\"Other\">Other<\/option><\/select><\/span>\n\t\t<\/p>\n\t<\/div>\n\t<div class=\"field-group\">\n\t\t<p><label for=\"services-message\">Your Message <span class=\"required\">*<\/span><\/label><br \/>\n<span class=\"wpcf7-form-control-wrap\" data-name=\"services-message\"><textarea cols=\"40\" rows=\"10\" maxlength=\"2000\" class=\"wpcf7-form-control wpcf7-textarea\" aria-invalid=\"false\" placeholder=\"Please describe your needs.\" name=\"services-message\"><\/textarea><\/span>\n\t\t<\/p>\n\t<\/div>\n\t<div class=\"field-group\">\n\t\t<p><label class=\"question-label\">How do you want to be contacted?<span class=\"required\">*<\/span><\/label><br \/>\n<span class=\"wpcf7-form-control-wrap\" data-name=\"contact-type\"><span class=\"wpcf7-form-control wpcf7-radio\"><span class=\"wpcf7-list-item first\"><input type=\"radio\" name=\"contact-type\" value=\"Mail\" \/><span class=\"wpcf7-list-item-label\">Mail<\/span><\/span><span class=\"wpcf7-list-item last\"><input type=\"radio\" name=\"contact-type\" value=\"Phone\" checked=\"checked\" \/><span class=\"wpcf7-list-item-label\">Phone<\/span><\/span><\/span><\/span>\n\t\t<\/p>\n\t<\/div>\n\t<div class=\"field-group\">\n\t\t<p><label for=\"phone\">Phone number<\/label><br \/>\n<span class=\"wpcf7-form-control-wrap\" data-name=\"phone\"><input size=\"40\" maxlength=\"400\" class=\"wpcf7-form-control wpcf7-text\" aria-invalid=\"false\" value=\"\" type=\"text\" name=\"phone\" \/><\/span>\n\t\t<\/p>\n\t<\/div>\n\t<div class=\"field-group\">\n\t\t<p><label for=\"availability-message\">When are you available?<\/label><br \/>\n<span class=\"wpcf7-form-control-wrap\" data-name=\"availability-message\"><textarea cols=\"40\" rows=\"10\" maxlength=\"2000\" class=\"wpcf7-form-control wpcf7-textarea\" aria-invalid=\"false\" placeholder=\"Please describe when you are available for a phone call.\" name=\"availability-message\"><\/textarea><\/span>\n\t\t<\/p>\n\t<\/div>\n<\/div>\n\n<p><input class=\"wpcf7-form-control wpcf7-submit has-spinner\" type=\"submit\" value=\"Submit\" \/>\n<\/p>\n<p><script>\ndocument.addEventListener('DOMContentLoaded', function() {\n \/\/ Form display functionality\n var formType = document.querySelector('select[name=\"form-type\"]');\n var basicForm = document.querySelector('.basic-form');\n var servicesForm = document.querySelector('.services-form');\n var engineeringForm = document.querySelector('.engineering-form');\n \n function showRelevantForm() {\n \/\/ Hide all forms first\n basicForm.style.display = 'none';\n servicesForm.style.display = 'none';\n engineeringForm.style.display = 'none';\n \n \/\/ Show the selected form\n if (formType.value === 'Basic') {\n basicForm.style.display = 'block';\n } else if (formType.value === 'Services') {\n servicesForm.style.display = 'block';\n } else if (formType.value === 'Engineering') {\n engineeringForm.style.display = 'block';\n }\n }\n \n \/\/ Function to get URL parameters\n function getUrlParameter(name) {\n name = name.replace(\/[\\[]\/, '\\\\[').replace(\/[\\]]\/, '\\\\]');\n var regex = new RegExp('[\\\\?&]' + name + '=([^&#]*)');\n var results = regex.exec(location.search);\n return results === null ? '' : decodeURIComponent(results[1].replace(\/\\+\/g, ' '));\n }\n \n \/\/ Get the form type from URL\n var formTypeParam = getUrlParameter('form_type');\n \n if (formTypeParam) {\n \/\/ Set the value based on URL parameter\n switch(formTypeParam.toLowerCase()) {\n case 'basic':\n formType.value = 'Basic';\n break;\n case 'services':\n formType.value = 'Services';\n break;\n case 'engineering':\n formType.value = 'Engineering';\n break;\n }\n }\n \n \/\/ Show the relevant form based on current selection\n showRelevantForm();\n \n \/\/ Run whenever the dropdown changes\n formType.addEventListener('change', showRelevantForm);\n});\n<\/script>\n<\/p><div class=\"wpcf7-response-output\" aria-hidden=\"true\"><\/div>\n<\/form>\n<\/div>\n\n<\/div>\n<\/div>\n","protected":false},"excerpt":{"rendered":"<p>Nous contacter<\/p>","protected":false},"author":1,"featured_media":0,"parent":0,"menu_order":0,"comment_status":"closed","ping_status":"closed","template":"wp-custom-template-new-header","meta":{"inline_featured_image":false,"_uag_custom_page_level_css":"\/* Form Container Styling *\/\n.wpcf7-form {\n  max-width: 1100px;\n  margin: 0 auto;\n  padding: 20px;\n  color: #000;\n}\n\n\/* Remove extra space from br tags *\/\n.wpcf7-form br {\n  display: none;\n}\n\n\/* Form Heading *\/\n.wpcf7-form h2 {\n  font-size: 36px;\n  color: #1a2533;\n  text-align: center;\n  margin-bottom: 30px;\n  font-weight: 500;\n}\n\n\/* Label Styling *\/\n.wpcf7-form label {\n  display: block;\n  margin-bottom: 6px;\n  font-size: 16px;\n  font-weight: 500;\n  color: #1a2533;\n}\n\n\/* Required Field Indicator *\/\n.wpcf7-form .required,\n.wpcf7-form .wpcf7-not-valid-tip {\n  color: #e74c3c;\n}\n\n\/* Text Input Fields *\/\n.wpcf7-form input[type=\\\"text\\\"],\n.wpcf7-form input[type=\\\"email\\\"],\n.wpcf7-form select,\n.wpcf7-form textarea {\n  width: 100%;\n  padding: 12px 15px;\n  border: 1px solid #ddd;\n  border-radius: 4px;\n  font-size: 16px;\n  color: #555;\n  margin-bottom: 15px;\n  box-sizing: border-box;\n}\n\n\/* Focus states for inputs *\/\n.wpcf7-form input[type=\\\"text\\\"]:focus,\n.wpcf7-form input[type=\\\"email\\\"]:focus,\n.wpcf7-form select:focus,\n.wpcf7-form textarea:focus {\n  border-color: #007cba;\n  outline: none;\n}\n\n\/* First and Last Name Layout *\/\n.name-row {\n  display: flex;\n  gap: 20px;\n}\n\n.name-row .first-name,\n.name-row .last-name {\n  flex: 1;\n}\n\n\/* Field groups - reduce spacing *\/\n.wpcf7-form p {\n  margin-bottom: 15px;\n  margin-top: 0;\n}\n\n\/* Textarea Styling *\/\n.wpcf7-form textarea {\n  height: 150px;\n  resize: vertical;\n}\n\n\/* Submit Button *\/\n.wpcf7-form input[type=\\\"submit\\\"] {\n  background-color: #007cba;\n  color: white;\n  border: none;\n  padding: 12px 25px;\n  font-size: 16px;\n  font-weight: 500;\n  border-radius: 4px;\n  cursor: pointer;\n  transition: background-color 0.3s;\n  margin-top: 5px;\n}\n\n.wpcf7-form input[type=\\\"submit\\\"]:hover {\n  background-color: #005f8f;\n}\n\n\/* Form Type Dropdown *\/\n.wpcf7-form select {\n  appearance: none;\n  background-image: url(\\\"data:image\/svg+xml;charset=US-ASCII,%3Csvg%20xmlns%3D%22http%3A%2F%2Fwww.w3.org%2F2000%2Fsvg%22%20width%3D%22292.4%22%20height%3D%22292.4%22%3E%3Cpath%20fill%3D%22%23007CB2%22%20d%3D%22M287%2069.4a17.6%2017.6%200%200%200-13-5.4H18.4c-5%200-9.3%201.8-12.9%205.4A17.6%2017.6%200%200%200%200%2082.2c0%205%201.8%209.3%205.4%2012.9l128%20127.9c3.6%203.6%207.8%205.4%2012.8%205.4s9.2-1.8%2012.8-5.4L287%2095c3.5-3.5%205.4-7.8%205.4-12.8%200-5-1.9-9.2-5.5-12.8z%22%2F%3E%3C%2Fsvg%3E\\\");\n  background-repeat: no-repeat;\n  background-position: right 12px center;\n  background-size: 12px;\n  padding-right: 30px;\n}\n\n\/* Conditional Form Sections *\/\n.basic-form,\n.services-form,\n.ai-form {\n  margin-top: 5px;\n}\n\n\/* Radio Button Styling - Vertical Layout *\/\n.wpcf7-form .wpcf7-radio {\n  display: block;\n  margin-bottom: 15px;\n}\n\n.wpcf7-form .wpcf7-radio .wpcf7-list-item {\n  display: block;\n  margin: 0 0 5px 0;\n  font-size: 16px; \/* Ensuring font size is 16px for radio labels *\/\n}\n\n.wpcf7-form .wpcf7-radio input {\n  margin-right: 5px;\n}\n\n\/* Radio button labels *\/\n.wpcf7-form .wpcf7-list-item-label {\n  font-size: 16px;\n}\n\n\/* Space between field groups *\/\n.wpcf7-form .wpcf7-form-control-wrap {\n  display: block;\n  margin-bottom: 10px;\n}","footnotes":""},"class_list":["post-2242","page","type-page","status-publish","hentry"],"yoast_head":"<!-- This site is optimized with the Yoast SEO plugin v27.3 - https:\/\/yoast.com\/product\/yoast-seo-wordpress\/ -->\n<title>Contact - Clever Thinking Software<\/title>\n<meta name=\"robots\" content=\"index, follow, max-snippet:-1, max-image-preview:large, max-video-preview:-1\" \/>\n<link rel=\"canonical\" href=\"https:\/\/www.cleverthinkingsoftware.com\/fr\/contact\/\" \/>\n<meta property=\"og:locale\" content=\"fr_FR\" \/>\n<meta property=\"og:type\" content=\"article\" \/>\n<meta property=\"og:title\" content=\"Contact - Clever Thinking Software\" \/>\n<meta property=\"og:description\" content=\"Contact Us\" \/>\n<meta property=\"og:url\" content=\"https:\/\/www.cleverthinkingsoftware.com\/fr\/contact\/\" \/>\n<meta property=\"og:site_name\" content=\"Clever Thinking Software\" \/>\n<meta property=\"article:modified_time\" content=\"2025-05-02T09:18:54+00:00\" \/>\n<meta name=\"twitter:card\" content=\"summary_large_image\" \/>\n<meta name=\"twitter:label1\" content=\"Dur\u00e9e de lecture estim\u00e9e\" \/>\n\t<meta name=\"twitter:data1\" content=\"1 minute\" \/>\n<script type=\"application\/ld+json\" class=\"yoast-schema-graph\">{\"@context\":\"https:\\\/\\\/schema.org\",\"@graph\":[{\"@type\":\"WebPage\",\"@id\":\"https:\\\/\\\/www.cleverthinkingsoftware.com\\\/contact\\\/\",\"url\":\"https:\\\/\\\/www.cleverthinkingsoftware.com\\\/contact\\\/\",\"name\":\"Contact - Clever Thinking Software\",\"isPartOf\":{\"@id\":\"https:\\\/\\\/www.cleverthinkingsoftware.com\\\/#website\"},\"datePublished\":\"2025-04-11T13:46:51+00:00\",\"dateModified\":\"2025-05-02T09:18:54+00:00\",\"breadcrumb\":{\"@id\":\"https:\\\/\\\/www.cleverthinkingsoftware.com\\\/contact\\\/#breadcrumb\"},\"inLanguage\":\"fr-FR\",\"potentialAction\":[{\"@type\":\"ReadAction\",\"target\":[\"https:\\\/\\\/www.cleverthinkingsoftware.com\\\/contact\\\/\"]}]},{\"@type\":\"BreadcrumbList\",\"@id\":\"https:\\\/\\\/www.cleverthinkingsoftware.com\\\/contact\\\/#breadcrumb\",\"itemListElement\":[{\"@type\":\"ListItem\",\"position\":1,\"name\":\"Home\",\"item\":\"https:\\\/\\\/www.cleverthinkingsoftware.com\\\/\"},{\"@type\":\"ListItem\",\"position\":2,\"name\":\"Contact\"}]},{\"@type\":\"WebSite\",\"@id\":\"https:\\\/\\\/www.cleverthinkingsoftware.com\\\/#website\",\"url\":\"https:\\\/\\\/www.cleverthinkingsoftware.com\\\/\",\"name\":\"Clever Thinking Software\",\"description\":\"Controlling complexity through custom software, IT consulting and AI solutions.\",\"publisher\":{\"@id\":\"https:\\\/\\\/www.cleverthinkingsoftware.com\\\/#organization\"},\"inLanguage\":\"fr-FR\"},{\"@type\":\"Organization\",\"@id\":\"https:\\\/\\\/www.cleverthinkingsoftware.com\\\/#organization\",\"name\":\"Clever Thinking Software Inc.\",\"url\":\"https:\\\/\\\/www.cleverthinkingsoftware.com\\\/\",\"logo\":{\"@type\":\"ImageObject\",\"inLanguage\":\"fr-FR\",\"@id\":\"https:\\\/\\\/www.cleverthinkingsoftware.com\\\/#\\\/schema\\\/logo\\\/image\\\/\",\"url\":\"https:\\\/\\\/www.cleverthinkingsoftware.com\\\/wp-content\\\/uploads\\\/2024\\\/06\\\/thumbnail_Clever-Thinking-Software-Gothic-BLACK-BACKGROUND-Orange-2.png\",\"contentUrl\":\"https:\\\/\\\/www.cleverthinkingsoftware.com\\\/wp-content\\\/uploads\\\/2024\\\/06\\\/thumbnail_Clever-Thinking-Software-Gothic-BLACK-BACKGROUND-Orange-2.png\",\"width\":1049,\"height\":590,\"caption\":\"Clever Thinking Software Inc.\"},\"image\":{\"@id\":\"https:\\\/\\\/www.cleverthinkingsoftware.com\\\/#\\\/schema\\\/logo\\\/image\\\/\"},\"sameAs\":[\"https:\\\/\\\/www.instagram.com\\\/cleverthinkingsoftware\\\/\"]}]}<\/script>\n<!-- \/ Yoast SEO plugin. -->","yoast_head_json":{"title":"Contact - Clever Thinking Software","robots":{"index":"index","follow":"follow","max-snippet":"max-snippet:-1","max-image-preview":"max-image-preview:large","max-video-preview":"max-video-preview:-1"},"canonical":"https:\/\/www.cleverthinkingsoftware.com\/fr\/contact\/","og_locale":"fr_FR","og_type":"article","og_title":"Contact - Clever Thinking Software","og_description":"Contact Us","og_url":"https:\/\/www.cleverthinkingsoftware.com\/fr\/contact\/","og_site_name":"Clever Thinking Software","article_modified_time":"2025-05-02T09:18:54+00:00","twitter_card":"summary_large_image","twitter_misc":{"Dur\u00e9e de lecture estim\u00e9e":"1 minute"},"schema":{"@context":"https:\/\/schema.org","@graph":[{"@type":"WebPage","@id":"https:\/\/www.cleverthinkingsoftware.com\/contact\/","url":"https:\/\/www.cleverthinkingsoftware.com\/contact\/","name":"Contact - Clever Thinking Software","isPartOf":{"@id":"https:\/\/www.cleverthinkingsoftware.com\/#website"},"datePublished":"2025-04-11T13:46:51+00:00","dateModified":"2025-05-02T09:18:54+00:00","breadcrumb":{"@id":"https:\/\/www.cleverthinkingsoftware.com\/contact\/#breadcrumb"},"inLanguage":"fr-FR","potentialAction":[{"@type":"ReadAction","target":["https:\/\/www.cleverthinkingsoftware.com\/contact\/"]}]},{"@type":"BreadcrumbList","@id":"https:\/\/www.cleverthinkingsoftware.com\/contact\/#breadcrumb","itemListElement":[{"@type":"ListItem","position":1,"name":"Home","item":"https:\/\/www.cleverthinkingsoftware.com\/"},{"@type":"ListItem","position":2,"name":"Contact"}]},{"@type":"WebSite","@id":"https:\/\/www.cleverthinkingsoftware.com\/#website","url":"https:\/\/www.cleverthinkingsoftware.com\/","name":"Clever Thinking Software","description":"Ma\u00eetriser la complexit\u00e9 gr\u00e2ce au d\u00e9veloppement custom, au conseil informatique et aux solutions d'IA.","publisher":{"@id":"https:\/\/www.cleverthinkingsoftware.com\/#organization"},"inLanguage":"fr-FR"},{"@type":"Organization","@id":"https:\/\/www.cleverthinkingsoftware.com\/#organization","name":"Clever Thinking Software Inc.","url":"https:\/\/www.cleverthinkingsoftware.com\/","logo":{"@type":"ImageObject","inLanguage":"fr-FR","@id":"https:\/\/www.cleverthinkingsoftware.com\/#\/schema\/logo\/image\/","url":"https:\/\/www.cleverthinkingsoftware.com\/wp-content\/uploads\/2024\/06\/thumbnail_Clever-Thinking-Software-Gothic-BLACK-BACKGROUND-Orange-2.png","contentUrl":"https:\/\/www.cleverthinkingsoftware.com\/wp-content\/uploads\/2024\/06\/thumbnail_Clever-Thinking-Software-Gothic-BLACK-BACKGROUND-Orange-2.png","width":1049,"height":590,"caption":"Clever Thinking Software Inc."},"image":{"@id":"https:\/\/www.cleverthinkingsoftware.com\/#\/schema\/logo\/image\/"},"sameAs":["https:\/\/www.instagram.com\/cleverthinkingsoftware\/"]}]}},"uagb_featured_image_src":{"full":false,"thumbnail":false,"medium":false,"medium_large":false,"large":false,"1536x1536":false,"2048x2048":false,"trp-custom-language-flag":false},"uagb_author_info":{"display_name":"Nicolas Theraulaz","author_link":"https:\/\/www.cleverthinkingsoftware.com\/fr\/author\/nico_admin\/"},"uagb_comment_info":0,"uagb_excerpt":"Contact Us","_links":{"self":[{"href":"https:\/\/www.cleverthinkingsoftware.com\/fr\/wp-json\/wp\/v2\/pages\/2242","targetHints":{"allow":["GET"]}}],"collection":[{"href":"https:\/\/www.cleverthinkingsoftware.com\/fr\/wp-json\/wp\/v2\/pages"}],"about":[{"href":"https:\/\/www.cleverthinkingsoftware.com\/fr\/wp-json\/wp\/v2\/types\/page"}],"author":[{"embeddable":true,"href":"https:\/\/www.cleverthinkingsoftware.com\/fr\/wp-json\/wp\/v2\/users\/1"}],"replies":[{"embeddable":true,"href":"https:\/\/www.cleverthinkingsoftware.com\/fr\/wp-json\/wp\/v2\/comments?post=2242"}],"version-history":[{"count":25,"href":"https:\/\/www.cleverthinkingsoftware.com\/fr\/wp-json\/wp\/v2\/pages\/2242\/revisions"}],"predecessor-version":[{"id":2582,"href":"https:\/\/www.cleverthinkingsoftware.com\/fr\/wp-json\/wp\/v2\/pages\/2242\/revisions\/2582"}],"wp:attachment":[{"href":"https:\/\/www.cleverthinkingsoftware.com\/fr\/wp-json\/wp\/v2\/media?parent=2242"}],"curies":[{"name":"wp","href":"https:\/\/api.w.org\/{rel}","templated":true}]}}