{"id":85,"date":"2024-06-10T10:40:56","date_gmt":"2024-06-10T14:40:56","guid":{"rendered":"https:\/\/www.cleverthinkingsoftware.com\/?page_id=85"},"modified":"2025-05-02T05:07:54","modified_gmt":"2025-05-02T09:07:54","slug":"paper-trade","status":"publish","type":"page","link":"https:\/\/www.cleverthinkingsoftware.com\/fr\/paper-trade\/","title":{"rendered":"Paper Trade"},"content":{"rendered":"<p class=\"has-text-align-left justify\" style=\"font-size:clamp(1.092rem, 1.092rem + ((1vw - 0.2rem) * 1.013), 1.7rem);\">Paper Trade est le tout premier jeu de trading virtuel jamais cr\u00e9\u00e9 pour iPhone et iPad.<\/p>\n\n\n\n<p class=\"has-text-align-left justify\" style=\"font-size:clamp(1.092rem, 1.092rem + ((1vw - 0.2rem) * 1.013), 1.7rem);\">Sp\u00e9cifiquement con\u00e7u pour \u00eatre accessible aux joueurs de tous \u00e2ges et niveaux de comp\u00e9tence, Paper Trade est un jeu de trading boursier addictif dans lequel la volatilit\u00e9 est \u00e0 la fois votre amie et votre ennemie.<\/p>\n\n\n\n<p class=\"has-text-align-left justify\" style=\"font-size:clamp(1.092rem, 1.092rem + ((1vw - 0.2rem) * 1.013), 1.7rem);\">Achetez bas, vendez haut et faites fructifier votre capital dans ce jeu mobile classique.&nbsp;<\/p>\n\n\n\n<p class=\"has-text-align-left justify\" style=\"font-size:clamp(1.092rem, 1.092rem + ((1vw - 0.2rem) * 1.013), 1.7rem);\">Des \u00e9v\u00e9nements de march\u00e9 al\u00e9atoires mettront au d\u00e9fi m\u00eame les traders les plus aguerris.<\/p>\n\n\n\n<div style=\"height:5px\" aria-hidden=\"true\" class=\"wp-block-spacer\"><\/div>\n\n\n\n<div class=\"wp-block-columns is-layout-flex wp-container-core-columns-is-layout-28f84493 wp-block-columns-is-layout-flex\">\n<div class=\"wp-block-column is-layout-flow wp-block-column-is-layout-flow\" style=\"flex-basis:10%\"><\/div>\n\n\n\n<div class=\"wp-block-column has-text-color has-background has-link-color wp-elements-7f2fe49027e113e8979ecc5d99ea417f is-layout-flow wp-block-column-is-layout-flow\" style=\"color:#000000;background-color:#79a7e0cc;padding-top:2em;padding-right:2em;padding-bottom:2em;padding-left:2em\">\n<h2 class=\"wp-block-heading\" id=\"patron\" style=\"font-size:clamp(24.034px, 1.502rem + ((1vw - 3.2px) * 1.663), 40px);\"><strong>Fonctionnalit\u00e9s<\/strong><\/h2>\n\n\n\n<hr class=\"wp-block-separator has-css-opacity is-style-wide\"\/>\n\n\n\n<ul class=\"has-normal-font-size wp-block-list\">\n<li class=\"justify has-medium-font-size\">Gameplay addictif inspir\u00e9 par une v\u00e9ritable exp\u00e9rience de trading virtuel.<\/li>\n\n\n\n<li class=\"justify has-medium-font-size\">Graphismes haute r\u00e9solution et effets sonores : superbe rendu sur iPhone comme sur iPad.<\/li>\n\n\n\n<li class=\"justify has-medium-font-size\">Des \u00e9v\u00e9nements affectant l'ensemble du march\u00e9 influencent les prix en temps r\u00e9el : pourrez-vous tourner le march\u00e9 \u00e0 votre avantage ?&nbsp;<\/li>\n\n\n\n<li class=\"justify has-medium-font-size\">Graphique de progression du capital : suivez l'\u00e9volution de votre richesse \u00e0 travers vos sessions de trading.<\/li>\n<\/ul>\n<\/div>\n\n\n\n<div class=\"wp-block-column is-layout-flow wp-block-column-is-layout-flow\" style=\"flex-basis:10%\"><\/div>\n<\/div>\n\n\n\n<div style=\"height:25px\" aria-hidden=\"true\" class=\"wp-block-spacer\"><\/div>\n\n\n\n<p class=\"has-text-align-center\" style=\"font-size:clamp(1.039rem, 1.039rem + ((1vw - 0.2rem) * 0.935), 1.6rem);\"><strong><em>Bient\u00f4t disponible sur iPhone et iPad.<\/em><\/strong><\/p>\n\n\n\n<div style=\"height:25px\" aria-hidden=\"true\" class=\"wp-block-spacer\"><\/div>","protected":false},"excerpt":{"rendered":"<p>Paper Trade is the very first paper trading game ever made for iPhone and iPad. Specifically designed to be accessible to players of all ages and skill levels, Paper Trade is an addictive stock trading game in which volatility is both your friend and your enemy. Buy low, sell high and grow your capital in [&hellip;]<\/p>\n","protected":false},"author":1,"featured_media":0,"parent":0,"menu_order":0,"comment_status":"closed","ping_status":"closed","template":"wp-custom-template-paper-trade-page","meta":{"inline_featured_image":false,"_uag_custom_page_level_css":"","footnotes":""},"class_list":["post-85","page","type-page","status-publish","hentry"],"yoast_head":"<!-- This site is optimized with the Yoast SEO plugin v27.3 - https:\/\/yoast.com\/product\/yoast-seo-wordpress\/ -->\n<title>Paper Trade - Clever Thinking Software<\/title>\n<meta name=\"robots\" content=\"index, follow, max-snippet:-1, max-image-preview:large, max-video-preview:-1\" \/>\n<link rel=\"canonical\" href=\"https:\/\/www.cleverthinkingsoftware.com\/fr\/paper-trade\/\" \/>\n<meta property=\"og:locale\" content=\"fr_FR\" \/>\n<meta property=\"og:type\" content=\"article\" \/>\n<meta property=\"og:title\" content=\"Paper Trade - Clever Thinking Software\" \/>\n<meta property=\"og:description\" content=\"Paper Trade is the very first paper trading game ever made for iPhone and iPad. Specifically designed to be accessible to players of all ages and skill levels, Paper Trade is an addictive stock trading game in which volatility is both your friend and your enemy. Buy low, sell high and grow your capital in [&hellip;]\" \/>\n<meta property=\"og:url\" content=\"https:\/\/www.cleverthinkingsoftware.com\/fr\/paper-trade\/\" \/>\n<meta property=\"og:site_name\" content=\"Clever Thinking Software\" \/>\n<meta property=\"article:modified_time\" content=\"2025-05-02T09:07:54+00:00\" \/>\n<meta name=\"twitter:card\" content=\"summary_large_image\" \/>\n<meta name=\"twitter:label1\" content=\"Dur\u00e9e de lecture estim\u00e9e\" \/>\n\t<meta name=\"twitter:data1\" content=\"1 minute\" \/>\n<script type=\"application\/ld+json\" class=\"yoast-schema-graph\">{\"@context\":\"https:\\\/\\\/schema.org\",\"@graph\":[{\"@type\":\"WebPage\",\"@id\":\"https:\\\/\\\/www.cleverthinkingsoftware.com\\\/paper-trade\\\/\",\"url\":\"https:\\\/\\\/www.cleverthinkingsoftware.com\\\/paper-trade\\\/\",\"name\":\"Paper Trade - Clever Thinking Software\",\"isPartOf\":{\"@id\":\"https:\\\/\\\/www.cleverthinkingsoftware.com\\\/#website\"},\"datePublished\":\"2024-06-10T14:40:56+00:00\",\"dateModified\":\"2025-05-02T09:07:54+00:00\",\"breadcrumb\":{\"@id\":\"https:\\\/\\\/www.cleverthinkingsoftware.com\\\/paper-trade\\\/#breadcrumb\"},\"inLanguage\":\"fr-FR\",\"potentialAction\":[{\"@type\":\"ReadAction\",\"target\":[\"https:\\\/\\\/www.cleverthinkingsoftware.com\\\/paper-trade\\\/\"]}]},{\"@type\":\"BreadcrumbList\",\"@id\":\"https:\\\/\\\/www.cleverthinkingsoftware.com\\\/paper-trade\\\/#breadcrumb\",\"itemListElement\":[{\"@type\":\"ListItem\",\"position\":1,\"name\":\"Home\",\"item\":\"https:\\\/\\\/www.cleverthinkingsoftware.com\\\/\"},{\"@type\":\"ListItem\",\"position\":2,\"name\":\"Paper Trade\"}]},{\"@type\":\"WebSite\",\"@id\":\"https:\\\/\\\/www.cleverthinkingsoftware.com\\\/#website\",\"url\":\"https:\\\/\\\/www.cleverthinkingsoftware.com\\\/\",\"name\":\"Clever Thinking Software\",\"description\":\"Controlling complexity through custom software, IT consulting and AI solutions.\",\"publisher\":{\"@id\":\"https:\\\/\\\/www.cleverthinkingsoftware.com\\\/#organization\"},\"inLanguage\":\"fr-FR\"},{\"@type\":\"Organization\",\"@id\":\"https:\\\/\\\/www.cleverthinkingsoftware.com\\\/#organization\",\"name\":\"Clever Thinking Software Inc.\",\"url\":\"https:\\\/\\\/www.cleverthinkingsoftware.com\\\/\",\"logo\":{\"@type\":\"ImageObject\",\"inLanguage\":\"fr-FR\",\"@id\":\"https:\\\/\\\/www.cleverthinkingsoftware.com\\\/#\\\/schema\\\/logo\\\/image\\\/\",\"url\":\"https:\\\/\\\/www.cleverthinkingsoftware.com\\\/wp-content\\\/uploads\\\/2024\\\/06\\\/thumbnail_Clever-Thinking-Software-Gothic-BLACK-BACKGROUND-Orange-2.png\",\"contentUrl\":\"https:\\\/\\\/www.cleverthinkingsoftware.com\\\/wp-content\\\/uploads\\\/2024\\\/06\\\/thumbnail_Clever-Thinking-Software-Gothic-BLACK-BACKGROUND-Orange-2.png\",\"width\":1049,\"height\":590,\"caption\":\"Clever Thinking Software Inc.\"},\"image\":{\"@id\":\"https:\\\/\\\/www.cleverthinkingsoftware.com\\\/#\\\/schema\\\/logo\\\/image\\\/\"},\"sameAs\":[\"https:\\\/\\\/www.instagram.com\\\/cleverthinkingsoftware\\\/\"]}]}<\/script>\n<!-- \/ Yoast SEO plugin. -->","yoast_head_json":{"title":"Paper Trade - Clever Thinking Software","robots":{"index":"index","follow":"follow","max-snippet":"max-snippet:-1","max-image-preview":"max-image-preview:large","max-video-preview":"max-video-preview:-1"},"canonical":"https:\/\/www.cleverthinkingsoftware.com\/fr\/paper-trade\/","og_locale":"fr_FR","og_type":"article","og_title":"Paper Trade - Clever Thinking Software","og_description":"Paper Trade is the very first paper trading game ever made for iPhone and iPad. Specifically designed to be accessible to players of all ages and skill levels, Paper Trade is an addictive stock trading game in which volatility is both your friend and your enemy. Buy low, sell high and grow your capital in [&hellip;]","og_url":"https:\/\/www.cleverthinkingsoftware.com\/fr\/paper-trade\/","og_site_name":"Clever Thinking Software","article_modified_time":"2025-05-02T09:07:54+00:00","twitter_card":"summary_large_image","twitter_misc":{"Dur\u00e9e de lecture estim\u00e9e":"1 minute"},"schema":{"@context":"https:\/\/schema.org","@graph":[{"@type":"WebPage","@id":"https:\/\/www.cleverthinkingsoftware.com\/paper-trade\/","url":"https:\/\/www.cleverthinkingsoftware.com\/paper-trade\/","name":"Paper Trade - Clever Thinking Software","isPartOf":{"@id":"https:\/\/www.cleverthinkingsoftware.com\/#website"},"datePublished":"2024-06-10T14:40:56+00:00","dateModified":"2025-05-02T09:07:54+00:00","breadcrumb":{"@id":"https:\/\/www.cleverthinkingsoftware.com\/paper-trade\/#breadcrumb"},"inLanguage":"fr-FR","potentialAction":[{"@type":"ReadAction","target":["https:\/\/www.cleverthinkingsoftware.com\/paper-trade\/"]}]},{"@type":"BreadcrumbList","@id":"https:\/\/www.cleverthinkingsoftware.com\/paper-trade\/#breadcrumb","itemListElement":[{"@type":"ListItem","position":1,"name":"Home","item":"https:\/\/www.cleverthinkingsoftware.com\/"},{"@type":"ListItem","position":2,"name":"Paper Trade"}]},{"@type":"WebSite","@id":"https:\/\/www.cleverthinkingsoftware.com\/#website","url":"https:\/\/www.cleverthinkingsoftware.com\/","name":"Clever Thinking Software","description":"Ma\u00eetriser la complexit\u00e9 gr\u00e2ce au d\u00e9veloppement custom, au conseil informatique et aux solutions d'IA.","publisher":{"@id":"https:\/\/www.cleverthinkingsoftware.com\/#organization"},"inLanguage":"fr-FR"},{"@type":"Organization","@id":"https:\/\/www.cleverthinkingsoftware.com\/#organization","name":"Clever Thinking Software Inc.","url":"https:\/\/www.cleverthinkingsoftware.com\/","logo":{"@type":"ImageObject","inLanguage":"fr-FR","@id":"https:\/\/www.cleverthinkingsoftware.com\/#\/schema\/logo\/image\/","url":"https:\/\/www.cleverthinkingsoftware.com\/wp-content\/uploads\/2024\/06\/thumbnail_Clever-Thinking-Software-Gothic-BLACK-BACKGROUND-Orange-2.png","contentUrl":"https:\/\/www.cleverthinkingsoftware.com\/wp-content\/uploads\/2024\/06\/thumbnail_Clever-Thinking-Software-Gothic-BLACK-BACKGROUND-Orange-2.png","width":1049,"height":590,"caption":"Clever Thinking Software Inc."},"image":{"@id":"https:\/\/www.cleverthinkingsoftware.com\/#\/schema\/logo\/image\/"},"sameAs":["https:\/\/www.instagram.com\/cleverthinkingsoftware\/"]}]}},"uagb_featured_image_src":{"full":false,"thumbnail":false,"medium":false,"medium_large":false,"large":false,"1536x1536":false,"2048x2048":false,"trp-custom-language-flag":false},"uagb_author_info":{"display_name":"Nicolas Theraulaz","author_link":"https:\/\/www.cleverthinkingsoftware.com\/fr\/author\/nico_admin\/"},"uagb_comment_info":0,"uagb_excerpt":"Paper Trade is the very first paper trading game ever made for iPhone and iPad. Specifically designed to be accessible to players of all ages and skill levels, Paper Trade is an addictive stock trading game in which volatility is both your friend and your enemy. Buy low, sell high and grow your capital in\u2026","_links":{"self":[{"href":"https:\/\/www.cleverthinkingsoftware.com\/fr\/wp-json\/wp\/v2\/pages\/85","targetHints":{"allow":["GET"]}}],"collection":[{"href":"https:\/\/www.cleverthinkingsoftware.com\/fr\/wp-json\/wp\/v2\/pages"}],"about":[{"href":"https:\/\/www.cleverthinkingsoftware.com\/fr\/wp-json\/wp\/v2\/types\/page"}],"author":[{"embeddable":true,"href":"https:\/\/www.cleverthinkingsoftware.com\/fr\/wp-json\/wp\/v2\/users\/1"}],"replies":[{"embeddable":true,"href":"https:\/\/www.cleverthinkingsoftware.com\/fr\/wp-json\/wp\/v2\/comments?post=85"}],"version-history":[{"count":1,"href":"https:\/\/www.cleverthinkingsoftware.com\/fr\/wp-json\/wp\/v2\/pages\/85\/revisions"}],"predecessor-version":[{"id":2348,"href":"https:\/\/www.cleverthinkingsoftware.com\/fr\/wp-json\/wp\/v2\/pages\/85\/revisions\/2348"}],"wp:attachment":[{"href":"https:\/\/www.cleverthinkingsoftware.com\/fr\/wp-json\/wp\/v2\/media?parent=85"}],"curies":[{"name":"wp","href":"https:\/\/api.w.org\/{rel}","templated":true}]}}